{"id":261,"date":"2019-09-14T15:16:51","date_gmt":"2019-09-14T15:16:51","guid":{"rendered":"https:\/\/3tapsacademy.com\/?page_id=261"},"modified":"2019-09-14T15:16:51","modified_gmt":"2019-09-14T15:16:51","slug":"sobre-nos-13-6","status":"publish","type":"page","link":"http:\/\/zenithgaropaba.com.br\/site\/index.php\/sobre-nos-13-6\/","title":{"rendered":"Kids"},"content":{"rendered":"\t\t<div data-elementor-type=\"wp-page\" data-elementor-id=\"261\" class=\"elementor elementor-261\">\n\t\t\t\t\t\t<section class=\"elementor-section elementor-top-section elementor-element elementor-element-0e81781 elementor-section-boxed elementor-section-height-default elementor-section-height-default\" data-id=\"0e81781\" data-element_type=\"section\">\n\t\t\t\t\t\t<div class=\"elementor-container elementor-column-gap-default\">\n\t\t\t\t\t<div class=\"elementor-column elementor-col-100 elementor-top-column elementor-element elementor-element-1111f1f\" data-id=\"1111f1f\" data-element_type=\"column\">\n\t\t\t<div class=\"elementor-widget-wrap elementor-element-populated\">\n\t\t\t\t\t\t<div class=\"elementor-element elementor-element-d9636d8 elementor-widget elementor-widget-spacer\" data-id=\"d9636d8\" data-element_type=\"widget\" data-widget_type=\"spacer.default\">\n\t\t\t\t\t\t\t<div class=\"elementor-spacer\">\n\t\t\t<div class=\"elementor-spacer-inner\"><\/div>\n\t\t<\/div>\n\t\t\t\t\t\t<\/div>\n\t\t\t\t\t<\/div>\n\t\t<\/div>\n\t\t\t\t\t<\/div>\n\t\t<\/section>\n\t\t\t\t<section class=\"elementor-section elementor-top-section elementor-element elementor-element-38cfc70 elementor-section-boxed elementor-section-height-default elementor-section-height-default\" data-id=\"38cfc70\" data-element_type=\"section\">\n\t\t\t\t\t\t<div class=\"elementor-container elementor-column-gap-default\">\n\t\t\t\t\t<div class=\"elementor-column elementor-col-100 elementor-top-column elementor-element elementor-element-0b38aaa\" data-id=\"0b38aaa\" data-element_type=\"column\">\n\t\t\t<div class=\"elementor-widget-wrap elementor-element-populated\">\n\t\t\t\t\t\t<div class=\"elementor-element elementor-element-e1f62fa elementor-widget elementor-widget-heading\" data-id=\"e1f62fa\" data-element_type=\"widget\" data-widget_type=\"heading.default\">\n\t\t\t\t\t<h1 class=\"elementor-heading-title elementor-size-xxl\">SOBRE AS AULAS KIDS<\/h1>\t\t\t\t<\/div>\n\t\t\t\t<div class=\"elementor-element elementor-element-8151bcd elementor-widget elementor-widget-text-editor\" data-id=\"8151bcd\" data-element_type=\"widget\" data-widget_type=\"text-editor.default\">\n\t\t\t\t\t\t\t\t\t<p>As aulas de Jiu Jitsu infantil t\u00eam como objetivo trabalhar a concentra\u00e7\u00e3o, promover a auto-estima, disciplina e a sa\u00fade.<br \/>A pratica do Jiu Jitsu vai al\u00e9m dos tatames, a disciplina trabalhada nas aulas de Jiu Jitsu refletem no comportamento das crian\u00e7as em casa e na escola.<br \/>Muito mais do que golpes e posi\u00e7\u00f5es, a cada aula a crian\u00e7a aprende a trabalhar a uni\u00e3o e o esp\u00edrito de equipe com seus companheiros de tatame.<br \/>Fortalece a amizade, car\u00e1ter e muitos princ\u00edpios morais.<br \/>Assim preparando as crian\u00e7as para um futuro melhor e mais seguro programa infantil \u00e9 estruturado para ensinar as t\u00e9cnicas de Jiu Jitsu atrav\u00e9s de Jogos funcionais, buscando melhorar a agilidade, coordena\u00e7\u00e3o e flexibilidade do seu filho, de uma forma divertida, amig\u00e1vel e interativa.<\/p>\t\t\t\t\t\t\t\t<\/div>\n\t\t\t\t\t<\/div>\n\t\t<\/div>\n\t\t\t\t\t<\/div>\n\t\t<\/section>\n\t\t\t\t<section class=\"elementor-section elementor-top-section elementor-element elementor-element-bb4145e elementor-section-boxed elementor-section-height-default elementor-section-height-default\" data-id=\"bb4145e\" data-element_type=\"section\">\n\t\t\t\t\t\t<div class=\"elementor-container elementor-column-gap-default\">\n\t\t\t\t\t<div class=\"elementor-column elementor-col-50 elementor-top-column elementor-element elementor-element-6943375\" data-id=\"6943375\" data-element_type=\"column\">\n\t\t\t<div class=\"elementor-widget-wrap elementor-element-populated\">\n\t\t\t\t\t\t<div class=\"elementor-element elementor-element-a97504f elementor-widget elementor-widget-heading\" data-id=\"a97504f\" data-element_type=\"widget\" data-widget_type=\"heading.default\">\n\t\t\t\t\t<h2 class=\"elementor-heading-title elementor-size-default\">Programa Kids 4-6 anos<\/h2>\t\t\t\t<\/div>\n\t\t\t\t<div class=\"elementor-element elementor-element-ec523c5 elementor-widget elementor-widget-text-editor\" data-id=\"ec523c5\" data-element_type=\"widget\" data-widget_type=\"text-editor.default\">\n\t\t\t\t\t\t\t\t\t<p>Este programa foi desenvolvido para apresentar aos nossos alunos mais jovens o Jiu Jitsu, buscando desenvolver a \u00a0agilidade e coordena\u00e7\u00e3o.<br \/>O curr\u00edculo inclui jogos divertidos e exerc\u00edcios interativos que ensinam movimentos b\u00e1sicos de Jiu Jitsu e t\u00e9cnicas para iniciantes, garantindo uma base s\u00f3lida e uma melhor compreens\u00e3o de nossa arte.<br \/>Os instrutores tamb\u00e9m promovem e refor\u00e7am os valores fundamentais por meio de m\u00e9todos simples e f\u00e1ceis de seguir.<\/p>\t\t\t\t\t\t\t\t<\/div>\n\t\t\t\t<div class=\"elementor-element elementor-element-1f3e2cb elementor-widget elementor-widget-heading\" data-id=\"1f3e2cb\" data-element_type=\"widget\" data-widget_type=\"heading.default\">\n\t\t\t\t\t<h2 class=\"elementor-heading-title elementor-size-default\">O curr\u00edculo inclui: <\/h2>\t\t\t\t<\/div>\n\t\t\t\t<div class=\"elementor-element elementor-element-8998e2f elementor-widget elementor-widget-text-editor\" data-id=\"8998e2f\" data-element_type=\"widget\" data-widget_type=\"text-editor.default\">\n\t\t\t\t\t\t\t\t\t\n \t<li>T\u00e9cnicas para iniciantes em Jiu Jitsu<\/li>\n \t<li>Exerc\u00edcios de constru\u00e7\u00e3o de coordena\u00e7\u00e3o e exerc\u00edcios de movimento<\/li>\n \t<li>Explica\u00e7\u00e3o simplificada dos valores essenciais<\/li>\n<\/ul>\t\t\t\t\t\t\t\t<\/div>\n\t\t\t\t<div class=\"elementor-element elementor-element-b34e684 elementor-widget elementor-widget-heading\" data-id=\"b34e684\" data-element_type=\"widget\" data-widget_type=\"heading.default\">\n\t\t\t\t\t<h2 class=\"elementor-heading-title elementor-size-default\">Objetivos do programa:<\/h2>\t\t\t\t<\/div>\n\t\t\t\t<div class=\"elementor-element elementor-element-1f4dc24 elementor-widget elementor-widget-text-editor\" data-id=\"1f4dc24\" data-element_type=\"widget\" data-widget_type=\"text-editor.default\">\n\t\t\t\t\t\t\t\t\t\n \t<li>Ensinar autodisciplina e construir autoconfian\u00e7a<\/li>\n \t<li>Desenvolver o respeito por instrutores e colegas<\/li>\n \t<li>Melhorar a coordena\u00e7\u00e3o e a agilidade\t\t\t\t\t\t\t\t<\/div>\n\t\t\t\t\t<\/div>\n\t\t<\/div>\n\t\t\t\t<div class=\"elementor-column elementor-col-50 elementor-top-column elementor-element elementor-element-3649fd3\" data-id=\"3649fd3\" data-element_type=\"column\">\n\t\t\t<div class=\"elementor-widget-wrap elementor-element-populated\">\n\t\t\t\t\t\t<div class=\"elementor-element elementor-element-469e3cd elementor-widget elementor-widget-image\" data-id=\"469e3cd\" data-element_type=\"widget\" data-widget_type=\"image.default\">\n\t\t\t\t\t\t\t\t\t\t\t\t\t\t\t<img decoding=\"async\" src=\"https:\/\/3tapsacademy.com\/wp-content\/uploads\/2022\/08\/RMP1562-scaled.jpg\" title=\"\" alt=\"Jiu jitsu infantil\" loading=\"lazy\" \/>\t\t\t\t\t\t\t\t\t\t\t\t\t\t\t<\/div>\n\t\t\t\t\t<\/div>\n\t\t<\/div>\n\t\t\t\t\t<\/div>\n\t\t<\/section>\n\t\t\t\t<section class=\"elementor-section elementor-top-section elementor-element elementor-element-658a3d3 elementor-section-boxed elementor-section-height-default elementor-section-height-default\" data-id=\"658a3d3\" data-element_type=\"section\">\n\t\t\t\t\t\t<div class=\"elementor-container elementor-column-gap-default\">\n\t\t\t\t\t<div class=\"elementor-column elementor-col-50 elementor-top-column elementor-element elementor-element-5a9fb16\" data-id=\"5a9fb16\" data-element_type=\"column\">\n\t\t\t<div class=\"elementor-widget-wrap elementor-element-populated\">\n\t\t\t\t\t\t<div class=\"elementor-element elementor-element-51abd4d elementor-widget elementor-widget-spacer\" data-id=\"51abd4d\" data-element_type=\"widget\" data-widget_type=\"spacer.default\">\n\t\t\t\t\t\t\t<div class=\"elementor-spacer\">\n\t\t\t<div class=\"elementor-spacer-inner\"><\/div>\n\t\t<\/div>\n\t\t\t\t\t\t<\/div>\n\t\t\t\t<div class=\"elementor-element elementor-element-58fce6a elementor-widget elementor-widget-image\" data-id=\"58fce6a\" data-element_type=\"widget\" data-widget_type=\"image.default\">\n\t\t\t\t\t\t\t\t\t\t\t\t\t\t\t<img decoding=\"async\" src=\"https:\/\/3tapsacademy.com\/wp-content\/uploads\/2022\/08\/RMP4342-scaled.jpg\" title=\"\" alt=\"Jiu Jitsu Juvenil\" loading=\"lazy\" \/>\t\t\t\t\t\t\t\t\t\t\t\t\t\t\t<\/div>\n\t\t\t\t\t<\/div>\n\t\t<\/div>\n\t\t\t\t<div class=\"elementor-column elementor-col-50 elementor-top-column elementor-element elementor-element-2bc59a4\" data-id=\"2bc59a4\" data-element_type=\"column\">\n\t\t\t<div class=\"elementor-widget-wrap elementor-element-populated\">\n\t\t\t\t\t\t<div class=\"elementor-element elementor-element-f866011 elementor-widget elementor-widget-heading\" data-id=\"f866011\" data-element_type=\"widget\" data-widget_type=\"heading.default\">\n\t\t\t\t\t<h2 class=\"elementor-heading-title elementor-size-default\">Programa Kids 7-12 anos<\/h2>\t\t\t\t<\/div>\n\t\t\t\t<div class=\"elementor-element elementor-element-638eb56 elementor-widget elementor-widget-text-editor\" data-id=\"638eb56\" data-element_type=\"widget\" data-widget_type=\"text-editor.default\">\n\t\t\t\t\t\t\t\t\t<p>Este programa foi desenvolvido para ajudar os alunos a criar uma base s\u00f3lida para t\u00e9cnicas b\u00e1sicas de Jiu Jitsu e melhorar sua compreens\u00e3o geral da pr\u00e1tica de Jiu Jitsu.\u00a0<br \/>O curr\u00edculo deste programa inclui t\u00e9cnicas iniciantes e fundamentais, al\u00e9m de exerc\u00edcios de coordena\u00e7\u00e3o, jogos interativos e explora\u00e7\u00e3o dos principais conceitos e id\u00e9ias da arte do Jiu Jitsu.<\/p>\t\t\t\t\t\t\t\t<\/div>\n\t\t\t\t<div class=\"elementor-element elementor-element-90804a1 elementor-widget elementor-widget-heading\" data-id=\"90804a1\" data-element_type=\"widget\" data-widget_type=\"heading.default\">\n\t\t\t\t\t<h2 class=\"elementor-heading-title elementor-size-default\">Objetivos do programa:<\/h2>\t\t\t\t<\/div>\n\t\t\t\t<div class=\"elementor-element elementor-element-adc00eb elementor-widget elementor-widget-text-editor\" data-id=\"adc00eb\" data-element_type=\"widget\" data-widget_type=\"text-editor.default\">\n\t\t\t\t\t\t\t\t\t<ul><li>Aumentar a compreens\u00e3o geral do Jiu Jitsu<\/li><li>Aprender autodisciplina e construir autoconfian\u00e7a<\/li><li>Desenvolver o respeito por instrutores e colegas<\/li><li>Melhorar a coordena\u00e7\u00e3o e a agilidade<\/li><\/ul>\t\t\t\t\t\t\t\t<\/div>\n\t\t\t\t<div class=\"elementor-element elementor-element-36d2681 elementor-widget elementor-widget-heading\" data-id=\"36d2681\" data-element_type=\"widget\" data-widget_type=\"heading.default\">\n\t\t\t\t\t<h2 class=\"elementor-heading-title elementor-size-default\">O curr\u00edculo inclui: <\/h2>\t\t\t\t<\/div>\n\t\t\t\t<div class=\"elementor-element elementor-element-61c317f elementor-widget elementor-widget-text-editor\" data-id=\"61c317f\" data-element_type=\"widget\" data-widget_type=\"text-editor.default\">\n\t\t\t\t\t\t\t\t\t<ul><li>Iniciante e t\u00e9cnicas fundamentais<\/li><li>Vis\u00e3o geral de todas as posi\u00e7\u00f5es e situa\u00e7\u00f5es no Jiu Jitsu<\/li><li>Exerc\u00edcios de coordena\u00e7\u00e3o e jogos interativos<\/li><\/ul>\t\t\t\t\t\t\t\t<\/div>\n\t\t\t\t\t<\/div>\n\t\t<\/div>\n\t\t\t\t\t<\/div>\n\t\t<\/section>\n\t\t\t\t<section class=\"elementor-section elementor-top-section elementor-element elementor-element-b9ec72e elementor-section-boxed elementor-section-height-default elementor-section-height-default\" data-id=\"b9ec72e\" data-element_type=\"section\">\n\t\t\t\t\t\t<div class=\"elementor-container elementor-column-gap-default\">\n\t\t\t\t\t<div class=\"elementor-column elementor-col-50 elementor-top-column elementor-element elementor-element-c2525bb\" data-id=\"c2525bb\" data-element_type=\"column\">\n\t\t\t<div class=\"elementor-widget-wrap elementor-element-populated\">\n\t\t\t\t\t\t<div class=\"elementor-element elementor-element-61836c3 elementor-widget elementor-widget-heading\" data-id=\"61836c3\" data-element_type=\"widget\" data-widget_type=\"heading.default\">\n\t\t\t\t\t<h2 class=\"elementor-heading-title elementor-size-default\">Programa Avan\u00e7ado acima de 10 anos<\/h2>\t\t\t\t<\/div>\n\t\t\t\t<div class=\"elementor-element elementor-element-e3cec88 elementor-widget elementor-widget-text-editor\" data-id=\"e3cec88\" data-element_type=\"widget\" data-widget_type=\"text-editor.default\">\n\t\t\t\t\t\t\t\t\t<p>Este programa foi desenvolvido para criar uma base s\u00f3lida na pr\u00e1tica do aluno e melhorar sua coordena\u00e7\u00e3o, movimento e agilidade.\u00a0<br \/>Os alunos tamb\u00e9m receber\u00e3o uma vis\u00e3o abrangente de todas as posi\u00e7\u00f5es e t\u00e9cnicas no curr\u00edculo b\u00e1sico e para iniciantes, bem como uma introdu\u00e7\u00e3o ao curr\u00edculo mais avan\u00e7ado de Jiu Jitsu.\u00a0<br \/>Os alunos tamb\u00e9m receber\u00e3o explica\u00e7\u00f5es mais detalhadas dos conceitos e id\u00e9ias centrais do Jiu Jitsu.<\/p>\t\t\t\t\t\t\t\t<\/div>\n\t\t\t\t<div class=\"elementor-element elementor-element-abff005 elementor-widget elementor-widget-heading\" data-id=\"abff005\" data-element_type=\"widget\" data-widget_type=\"heading.default\">\n\t\t\t\t\t<h2 class=\"elementor-heading-title elementor-size-default\">Objetivos do programa:<\/h2>\t\t\t\t<\/div>\n\t\t\t\t<div class=\"elementor-element elementor-element-f424809 elementor-widget elementor-widget-text-editor\" data-id=\"f424809\" data-element_type=\"widget\" data-widget_type=\"text-editor.default\">\n\t\t\t\t\t\t\t\t\t\n \t<li>Melhorarar o movimento e a coordena\u00e7\u00e3o<\/li>\n \t<li>Aprender autodisciplina e construir autoconfian\u00e7a<\/li>\n \t<li>Desenvolver o respeito por instrutores e colegas\t\t\t\t\t\t\t\t<\/div>\n\t\t\t\t<div class=\"elementor-element elementor-element-328a331 elementor-widget elementor-widget-heading\" data-id=\"328a331\" data-element_type=\"widget\" data-widget_type=\"heading.default\">\n\t\t\t\t\t<h2 class=\"elementor-heading-title elementor-size-default\">O curr\u00edculo inclui: <\/h2>\t\t\t\t<\/div>\n\t\t\t\t<div class=\"elementor-element elementor-element-521c892 elementor-widget elementor-widget-text-editor\" data-id=\"521c892\" data-element_type=\"widget\" data-widget_type=\"text-editor.default\">\n\t\t\t\t\t\t\t\t\t<ul><li>Vis\u00e3o geral de todas as posi\u00e7\u00f5es e situa\u00e7\u00f5es<\/li><li>Instru\u00e7\u00e3o abrangente para iniciantes e t\u00e9cnicas fundamentais<\/li><li>Introdu\u00e7\u00e3o \u00e0s t\u00e9cnicas avan\u00e7adas de Jiu Jitsu<\/li><li>Explica\u00e7\u00e3o detalhada dos principais conceitos e id\u00e9ias<\/li><li>Conceitos iniciantes e avan\u00e7ados sem kimono<\/li><\/ul>\t\t\t\t\t\t\t\t<\/div>\n\t\t\t\t\t<\/div>\n\t\t<\/div>\n\t\t\t\t<div class=\"elementor-column elementor-col-50 elementor-top-column elementor-element elementor-element-6a32341\" data-id=\"6a32341\" data-element_type=\"column\">\n\t\t\t<div class=\"elementor-widget-wrap elementor-element-populated\">\n\t\t\t\t\t\t<div class=\"elementor-element elementor-element-1977cc4 elementor-widget elementor-widget-spacer\" data-id=\"1977cc4\" data-element_type=\"widget\" data-widget_type=\"spacer.default\">\n\t\t\t\t\t\t\t<div class=\"elementor-spacer\">\n\t\t\t<div class=\"elementor-spacer-inner\"><\/div>\n\t\t<\/div>\n\t\t\t\t\t\t<\/div>\n\t\t\t\t<div class=\"elementor-element elementor-element-a43997a elementor-widget elementor-widget-image\" data-id=\"a43997a\" data-element_type=\"widget\" data-widget_type=\"image.default\">\n\t\t\t\t\t\t\t\t\t\t\t\t\t\t\t<img decoding=\"async\" src=\"https:\/\/3tapsacademy.com\/wp-content\/uploads\/2022\/08\/RMP4299-scaled.jpg\" title=\"\" alt=\"Jiu Jitsu Juvenil\" loading=\"lazy\" \/>\t\t\t\t\t\t\t\t\t\t\t\t\t\t\t<\/div>\n\t\t\t\t\t<\/div>\n\t\t<\/div>\n\t\t\t\t\t<\/div>\n\t\t<\/section>\n\t\t\t\t<section class=\"elementor-section elementor-top-section elementor-element elementor-element-5e33ead elementor-section-boxed elementor-section-height-default elementor-section-height-default\" data-id=\"5e33ead\" data-element_type=\"section\">\n\t\t\t\t\t\t<div class=\"elementor-container elementor-column-gap-default\">\n\t\t\t\t\t<div class=\"elementor-column elementor-col-50 elementor-top-column elementor-element elementor-element-b04f503\" data-id=\"b04f503\" data-element_type=\"column\">\n\t\t\t<div class=\"elementor-widget-wrap elementor-element-populated\">\n\t\t\t\t\t\t<div class=\"elementor-element elementor-element-02694dd elementor-widget elementor-widget-spacer\" data-id=\"02694dd\" data-element_type=\"widget\" data-widget_type=\"spacer.default\">\n\t\t\t\t\t\t\t<div class=\"elementor-spacer\">\n\t\t\t<div class=\"elementor-spacer-inner\"><\/div>\n\t\t<\/div>\n\t\t\t\t\t\t<\/div>\n\t\t\t\t<div class=\"elementor-element elementor-element-83bbf66 elementor-widget elementor-widget-image\" data-id=\"83bbf66\" data-element_type=\"widget\" data-widget_type=\"image.default\">\n\t\t\t\t\t\t\t\t\t\t\t\t\t\t\t<img decoding=\"async\" src=\"https:\/\/3tapsacademy.com\/wp-content\/uploads\/2022\/08\/RMP4258-scaled.jpg\" title=\"\" alt=\"Jiu Jitsu Juvenil\" loading=\"lazy\" \/>\t\t\t\t\t\t\t\t\t\t\t\t\t\t\t<\/div>\n\t\t\t\t\t<\/div>\n\t\t<\/div>\n\t\t\t\t<div class=\"elementor-column elementor-col-50 elementor-top-column elementor-element elementor-element-51d9aba\" data-id=\"51d9aba\" data-element_type=\"column\">\n\t\t\t<div class=\"elementor-widget-wrap elementor-element-populated\">\n\t\t\t\t\t\t<div class=\"elementor-element elementor-element-f1959a4 elementor-widget elementor-widget-heading\" data-id=\"f1959a4\" data-element_type=\"widget\" data-widget_type=\"heading.default\">\n\t\t\t\t\t<h2 class=\"elementor-heading-title elementor-size-default\">Competi\u00e7\u00e3o Infantil<\/h2>\t\t\t\t<\/div>\n\t\t\t\t<div class=\"elementor-element elementor-element-76f593a elementor-widget elementor-widget-text-editor\" data-id=\"76f593a\" data-element_type=\"widget\" data-widget_type=\"text-editor.default\">\n\t\t\t\t\t\t\t\t\t<p>Este curso \u00e9 para estudantes de 8 a 13 anos e \u00e9 focado principalmente na competi\u00e7\u00e3o.\u00a0<br \/>O curr\u00edculo do programa \u00e9 baseado em cen\u00e1rios de competi\u00e7\u00e3o e inclui t\u00e9cnicas e exerc\u00edcios mais avan\u00e7ados de Jiu Jitsu.\u00a0<br \/>Os alunos abordar\u00e3o posi\u00e7\u00f5es mais aprofundadas e trabalhar\u00e3o para a constru\u00e7\u00e3o de um jogo de Jiu Jitsu mais equilibrado e completo.\u00a0<br \/>Observa\u00e7\u00e3o: esta classe requer aprova\u00e7\u00e3o do instrutor.<\/p>\t\t\t\t\t\t\t\t<\/div>\n\t\t\t\t<div class=\"elementor-element elementor-element-0612750 elementor-widget elementor-widget-heading\" data-id=\"0612750\" data-element_type=\"widget\" data-widget_type=\"heading.default\">\n\t\t\t\t\t<h2 class=\"elementor-heading-title elementor-size-default\">Objetivos do programa:<\/h2>\t\t\t\t<\/div>\n\t\t\t\t<div class=\"elementor-element elementor-element-7b252a1 elementor-widget elementor-widget-text-editor\" data-id=\"7b252a1\" data-element_type=\"widget\" data-widget_type=\"text-editor.default\">\n\t\t\t\t\t\t\t\t\t<ul><li>Melhorar a compreens\u00e3o e a pr\u00e1tica do Jiu Jitsu<\/li><li>Aprender autodisciplina e construir autoconfian\u00e7a<\/li><li>Desenvolver o respeito por instrutores e colegas<\/li><li>Construir um jogo de Jiu Jitsu mais completo e equilibrado<\/li><\/ul>\t\t\t\t\t\t\t\t<\/div>\n\t\t\t\t<div class=\"elementor-element elementor-element-d08d2b5 elementor-widget elementor-widget-heading\" data-id=\"d08d2b5\" data-element_type=\"widget\" data-widget_type=\"heading.default\">\n\t\t\t\t\t<h2 class=\"elementor-heading-title elementor-size-default\">O curr\u00edculo inclui: <\/h2>\t\t\t\t<\/div>\n\t\t\t\t<div class=\"elementor-element elementor-element-d7e5a4f elementor-widget elementor-widget-text-editor\" data-id=\"d7e5a4f\" data-element_type=\"widget\" data-widget_type=\"text-editor.default\">\n\t\t\t\t\t\t\t\t\t\n \t<li>T\u00e9cnicas fundamentais e avan\u00e7adas<\/li>\n \t<li>Competi\u00e7\u00e3o e treinamento situacional<\/li>\n \t<li>Explora\u00e7\u00e3o aprofundada de conceitos e id\u00e9ias\t\t\t\t\t\t\t\t<\/div>\n\t\t\t\t\t<\/div>\n\t\t<\/div>\n\t\t\t\t\t<\/div>\n\t\t<\/section>\n\t\t\t\t<section class=\"elementor-section elementor-top-section elementor-element elementor-element-2cbea4f elementor-section-boxed elementor-section-height-default elementor-section-height-default\" data-id=\"2cbea4f\" data-element_type=\"section\">\n\t\t\t\t\t\t<div class=\"elementor-container elementor-column-gap-default\">\n\t\t\t\t\t<div class=\"elementor-column elementor-col-100 elementor-top-column elementor-element elementor-element-15c5e0b\" data-id=\"15c5e0b\" data-element_type=\"column\">\n\t\t\t<div class=\"elementor-widget-wrap elementor-element-populated\">\n\t\t\t\t\t\t<div class=\"elementor-element elementor-element-52e15ed elementor-widget elementor-widget-heading\" data-id=\"52e15ed\" data-element_type=\"widget\" data-widget_type=\"heading.default\">\n\t\t\t\t\t<h2 class=\"elementor-heading-title elementor-size-large\">HOR\u00c1RIOS DAS AULAS KIDS<\/h2>\t\t\t\t<\/div>\n\t\t\t\t<div class=\"elementor-element elementor-element-db91fd3 elementor-widget elementor-widget-text-editor\" data-id=\"db91fd3\" data-element_type=\"widget\" data-widget_type=\"text-editor.default\">\n\t\t\t\t\t\t\t\t\t<ul>\n<li>4-5 Anos: Ter- Qui as 17:15 e 10h, 5,6,7 Anos Seg &#8211; Qua as 10h e Seg &#8211; Qua as 18:30<\/li>\n<li>7-15 Anos: Ter \u2013 Qui&nbsp; as 18:30<\/li>\n<li>Sem Kimono acima de 10 Anos: Sex as 18:30<\/li>\n<\/ul>\t\t\t\t\t\t\t\t<\/div>\n\t\t\t\t\t<\/div>\n\t\t<\/div>\n\t\t\t\t\t<\/div>\n\t\t<\/section>\n\t\t\t\t<section class=\"elementor-section elementor-top-section elementor-element elementor-element-1364d74 elementor-section-boxed elementor-section-height-default elementor-section-height-default\" data-id=\"1364d74\" data-element_type=\"section\">\n\t\t\t\t\t\t<div class=\"elementor-container elementor-column-gap-default\">\n\t\t\t\t\t<div class=\"elementor-column elementor-col-100 elementor-top-column elementor-element elementor-element-f5dd85f\" data-id=\"f5dd85f\" data-element_type=\"column\">\n\t\t\t<div class=\"elementor-widget-wrap elementor-element-populated\">\n\t\t\t\t\t\t<div class=\"elementor-element elementor-element-847176c elementor-widget elementor-widget-spacer\" data-id=\"847176c\" data-element_type=\"widget\" data-widget_type=\"spacer.default\">\n\t\t\t\t\t\t\t<div class=\"elementor-spacer\">\n\t\t\t<div class=\"elementor-spacer-inner\"><\/div>\n\t\t<\/div>\n\t\t\t\t\t\t<\/div>\n\t\t\t\t\t<\/div>\n\t\t<\/div>\n\t\t\t\t\t<\/div>\n\t\t<\/section>\n\t\t\t\t<\/div>\n\t\t","protected":false},"excerpt":{"rendered":"<p>SOBRE AS AULAS KIDS As aulas de Jiu Jitsu infantil t\u00eam como objetivo trabalhar a concentra\u00e7\u00e3o, promover a auto-estima, disciplina e a sa\u00fade.A pratica do Jiu Jitsu vai al\u00e9m dos tatames, a disciplina trabalhada nas aulas de Jiu Jitsu refletem no comportamento das crian\u00e7as em casa e na escola.Muito mais do que golpes e posi\u00e7\u00f5es, [&hellip;]<\/p>\n","protected":false},"author":1,"featured_media":0,"parent":0,"menu_order":0,"comment_status":"closed","ping_status":"closed","template":"elementor_header_footer","meta":{"ocean_post_layout":"","ocean_both_sidebars_style":"","ocean_both_sidebars_content_width":0,"ocean_both_sidebars_sidebars_width":0,"ocean_sidebar":"0","ocean_second_sidebar":"0","ocean_disable_margins":"enable","ocean_add_body_class":"","ocean_shortcode_before_top_bar":"","ocean_shortcode_after_top_bar":"","ocean_shortcode_before_header":"","ocean_shortcode_after_header":"","ocean_has_shortcode":"","ocean_shortcode_after_title":"","ocean_shortcode_before_footer_widgets":"","ocean_shortcode_after_footer_widgets":"","ocean_shortcode_before_footer_bottom":"","ocean_shortcode_after_footer_bottom":"","ocean_display_top_bar":"default","ocean_display_header":"default","ocean_header_style":"","ocean_center_header_left_menu":"0","ocean_custom_header_template":"0","ocean_custom_logo":0,"ocean_custom_retina_logo":0,"ocean_custom_logo_max_width":0,"ocean_custom_logo_tablet_max_width":0,"ocean_custom_logo_mobile_max_width":0,"ocean_custom_logo_max_height":0,"ocean_custom_logo_tablet_max_height":0,"ocean_custom_logo_mobile_max_height":0,"ocean_header_custom_menu":"0","ocean_menu_typo_font_family":"0","ocean_menu_typo_font_subset":"","ocean_menu_typo_font_size":0,"ocean_menu_typo_font_size_tablet":0,"ocean_menu_typo_font_size_mobile":0,"ocean_menu_typo_font_size_unit":"px","ocean_menu_typo_font_weight":"","ocean_menu_typo_font_weight_tablet":"","ocean_menu_typo_font_weight_mobile":"","ocean_menu_typo_transform":"","ocean_menu_typo_transform_tablet":"","ocean_menu_typo_transform_mobile":"","ocean_menu_typo_line_height":0,"ocean_menu_typo_line_height_tablet":0,"ocean_menu_typo_line_height_mobile":0,"ocean_menu_typo_line_height_unit":"","ocean_menu_typo_spacing":0,"ocean_menu_typo_spacing_tablet":0,"ocean_menu_typo_spacing_mobile":0,"ocean_menu_typo_spacing_unit":"","ocean_menu_link_color":"","ocean_menu_link_color_hover":"","ocean_menu_link_color_active":"","ocean_menu_link_background":"","ocean_menu_link_hover_background":"","ocean_menu_link_active_background":"","ocean_menu_social_links_bg":"","ocean_menu_social_hover_links_bg":"","ocean_menu_social_links_color":"","ocean_menu_social_hover_links_color":"","ocean_disable_title":"enable","ocean_disable_heading":"on","ocean_post_title":"","ocean_post_subheading":"","ocean_post_title_style":"","ocean_post_title_background_color":"","ocean_post_title_background":0,"ocean_post_title_bg_image_position":"","ocean_post_title_bg_image_attachment":"","ocean_post_title_bg_image_repeat":"","ocean_post_title_bg_image_size":"","ocean_post_title_height":0,"ocean_post_title_bg_overlay":0.5,"ocean_post_title_bg_overlay_color":"","ocean_disable_breadcrumbs":"default","ocean_breadcrumbs_color":"","ocean_breadcrumbs_separator_color":"","ocean_breadcrumbs_links_color":"","ocean_breadcrumbs_links_hover_color":"","ocean_display_footer_widgets":"default","ocean_display_footer_bottom":"default","ocean_custom_footer_template":"0","footnotes":""},"class_list":["post-261","page","type-page","status-publish","hentry","entry"],"_links":{"self":[{"href":"http:\/\/zenithgaropaba.com.br\/site\/index.php\/wp-json\/wp\/v2\/pages\/261","targetHints":{"allow":["GET"]}}],"collection":[{"href":"http:\/\/zenithgaropaba.com.br\/site\/index.php\/wp-json\/wp\/v2\/pages"}],"about":[{"href":"http:\/\/zenithgaropaba.com.br\/site\/index.php\/wp-json\/wp\/v2\/types\/page"}],"author":[{"embeddable":true,"href":"http:\/\/zenithgaropaba.com.br\/site\/index.php\/wp-json\/wp\/v2\/users\/1"}],"replies":[{"embeddable":true,"href":"http:\/\/zenithgaropaba.com.br\/site\/index.php\/wp-json\/wp\/v2\/comments?post=261"}],"version-history":[{"count":0,"href":"http:\/\/zenithgaropaba.com.br\/site\/index.php\/wp-json\/wp\/v2\/pages\/261\/revisions"}],"wp:attachment":[{"href":"http:\/\/zenithgaropaba.com.br\/site\/index.php\/wp-json\/wp\/v2\/media?parent=261"}],"curies":[{"name":"wp","href":"https:\/\/api.w.org\/{rel}","templated":true}]}}