{"id":266,"date":"2019-09-14T15:03:50","date_gmt":"2019-09-14T15:03:50","guid":{"rendered":"https:\/\/3tapsacademy.com\/?page_id=266"},"modified":"2019-09-14T15:03:50","modified_gmt":"2019-09-14T15:03:50","slug":"sobre-nos-9","status":"publish","type":"page","link":"http:\/\/zenithgaropaba.com.br\/site\/index.php\/sobre-nos-9\/","title":{"rendered":"Benef\u00edcios"},"content":{"rendered":"\t\t<div data-elementor-type=\"wp-page\" data-elementor-id=\"266\" class=\"elementor elementor-266\">\n\t\t\t\t\t\t<section class=\"elementor-section elementor-top-section elementor-element elementor-element-0e81781 elementor-section-boxed elementor-section-height-default elementor-section-height-default\" data-id=\"0e81781\" data-element_type=\"section\">\n\t\t\t\t\t\t<div class=\"elementor-container elementor-column-gap-default\">\n\t\t\t\t\t<div class=\"elementor-column elementor-col-100 elementor-top-column elementor-element elementor-element-1111f1f\" data-id=\"1111f1f\" data-element_type=\"column\">\n\t\t\t<div class=\"elementor-widget-wrap elementor-element-populated\">\n\t\t\t\t\t\t<div class=\"elementor-element elementor-element-d9636d8 elementor-widget elementor-widget-spacer\" data-id=\"d9636d8\" data-element_type=\"widget\" data-widget_type=\"spacer.default\">\n\t\t\t\t\t\t\t<div class=\"elementor-spacer\">\n\t\t\t<div class=\"elementor-spacer-inner\"><\/div>\n\t\t<\/div>\n\t\t\t\t\t\t<\/div>\n\t\t\t\t\t<\/div>\n\t\t<\/div>\n\t\t\t\t\t<\/div>\n\t\t<\/section>\n\t\t\t\t<section class=\"elementor-section elementor-top-section elementor-element elementor-element-6fe1921 elementor-section-boxed elementor-section-height-default elementor-section-height-default\" data-id=\"6fe1921\" data-element_type=\"section\">\n\t\t\t\t\t\t<div class=\"elementor-container elementor-column-gap-default\">\n\t\t\t\t\t<div class=\"elementor-column elementor-col-100 elementor-top-column elementor-element elementor-element-e7666db\" data-id=\"e7666db\" data-element_type=\"column\">\n\t\t\t<div class=\"elementor-widget-wrap elementor-element-populated\">\n\t\t\t\t\t\t<div class=\"elementor-element elementor-element-88498e0 elementor-widget elementor-widget-heading\" data-id=\"88498e0\" data-element_type=\"widget\" data-widget_type=\"heading.default\">\n\t\t\t\t\t<h2 class=\"elementor-heading-title elementor-size-default\">CONFIRA ALGUNS DOS BENEF\u00cdCIOS DO JIU JITSU<\/h2>\t\t\t\t<\/div>\n\t\t\t\t\t<\/div>\n\t\t<\/div>\n\t\t\t\t\t<\/div>\n\t\t<\/section>\n\t\t\t\t<section class=\"elementor-section elementor-top-section elementor-element elementor-element-a91695a elementor-section-boxed elementor-section-height-default elementor-section-height-default\" data-id=\"a91695a\" data-element_type=\"section\">\n\t\t\t\t\t\t<div class=\"elementor-container elementor-column-gap-default\">\n\t\t\t\t\t<div class=\"elementor-column elementor-col-100 elementor-top-column elementor-element elementor-element-45924c3\" data-id=\"45924c3\" data-element_type=\"column\">\n\t\t\t<div class=\"elementor-widget-wrap elementor-element-populated\">\n\t\t\t\t\t\t<div class=\"elementor-element elementor-element-de99be6 elementor-widget elementor-widget-heading\" data-id=\"de99be6\" data-element_type=\"widget\" data-widget_type=\"heading.default\">\n\t\t\t\t\t<h2 class=\"elementor-heading-title elementor-size-default\">Diciplina<\/h2>\t\t\t\t<\/div>\n\t\t\t\t<div class=\"elementor-element elementor-element-e8726ee elementor-widget elementor-widget-text-editor\" data-id=\"e8726ee\" data-element_type=\"widget\" data-widget_type=\"text-editor.default\">\n\t\t\t\t\t\t\t\t\t<p>O esporte favorece a conduta disciplinar do praticante, de respeito as regras e ao mestre. A hierarquia r\u00edgida de gradua\u00e7\u00e3o tamb\u00e9m contribui para que o respeito adquirido na arte marcial ultrapasse o tatame. Inclusive, o jiu jitsu \u00e9 indicado para crian\u00e7as e adolescente, para controlar a hiperatividade, ansiedade e proporcionar disciplina.<\/p>\t\t\t\t\t\t\t\t<\/div>\n\t\t\t\t\t<\/div>\n\t\t<\/div>\n\t\t\t\t\t<\/div>\n\t\t<\/section>\n\t\t\t\t<section class=\"elementor-section elementor-top-section elementor-element elementor-element-b76672e elementor-section-boxed elementor-section-height-default elementor-section-height-default\" data-id=\"b76672e\" data-element_type=\"section\">\n\t\t\t\t\t\t<div class=\"elementor-container elementor-column-gap-default\">\n\t\t\t\t\t<div class=\"elementor-column elementor-col-100 elementor-top-column elementor-element elementor-element-3007559\" data-id=\"3007559\" data-element_type=\"column\">\n\t\t\t<div class=\"elementor-widget-wrap elementor-element-populated\">\n\t\t\t\t\t\t<div class=\"elementor-element elementor-element-275af94 elementor-widget elementor-widget-heading\" data-id=\"275af94\" data-element_type=\"widget\" data-widget_type=\"heading.default\">\n\t\t\t\t\t<h2 class=\"elementor-heading-title elementor-size-default\">Melhora a Sa\u00fade<\/h2>\t\t\t\t<\/div>\n\t\t\t\t<div class=\"elementor-element elementor-element-61d8afb elementor-widget elementor-widget-text-editor\" data-id=\"61d8afb\" data-element_type=\"widget\" data-widget_type=\"text-editor.default\">\n\t\t\t\t\t\t\t\t\tA arte suave trabalha com v\u00e1rias partes do corpo, simultaneamente. Al\u00e9m disso, \u00e9 conhecida por melhorar a flexibilidade, condicionamento f\u00edsico, capacidade cardiovascular e respirat\u00f3ria. Diferente da muscula\u00e7\u00e3o, que tem uma rotina fixa e trabalha com grupos musculares espec\u00edficos, o jiu-jitsu \u00e9 indicado para o aluno que quer ganhar um condicionamento f\u00edsico e for\u00e7a.\t\t\t\t\t\t\t\t<\/div>\n\t\t\t\t\t<\/div>\n\t\t<\/div>\n\t\t\t\t\t<\/div>\n\t\t<\/section>\n\t\t\t\t<section class=\"elementor-section elementor-top-section elementor-element elementor-element-bc9a358 elementor-section-boxed elementor-section-height-default elementor-section-height-default\" data-id=\"bc9a358\" data-element_type=\"section\">\n\t\t\t\t\t\t<div class=\"elementor-container elementor-column-gap-default\">\n\t\t\t\t\t<div class=\"elementor-column elementor-col-100 elementor-top-column elementor-element elementor-element-b50a543\" data-id=\"b50a543\" data-element_type=\"column\">\n\t\t\t<div class=\"elementor-widget-wrap elementor-element-populated\">\n\t\t\t\t\t\t<div class=\"elementor-element elementor-element-e04511d elementor-widget elementor-widget-heading\" data-id=\"e04511d\" data-element_type=\"widget\" data-widget_type=\"heading.default\">\n\t\t\t\t\t<h2 class=\"elementor-heading-title elementor-size-default\">Aumenta a Resist\u00eancia<\/h2>\t\t\t\t<\/div>\n\t\t\t\t<div class=\"elementor-element elementor-element-b79887c elementor-widget elementor-widget-text-editor\" data-id=\"b79887c\" data-element_type=\"widget\" data-widget_type=\"text-editor.default\">\n\t\t\t\t\t\t\t\t\t<p>A pr\u00e1tica regular desse esporte auxilia no aumento da resist\u00eancia f\u00edsica do seu corpo. Com exerc\u00edcios de alto impacto, a arte suave tonifica os m\u00fasculos e possibilita ao corpo um \u201cg\u00e1s\u201d cada vez maior. Isso proporciona uma melhoria na qualidade de vida que.<\/p>\t\t\t\t\t\t\t\t<\/div>\n\t\t\t\t\t<\/div>\n\t\t<\/div>\n\t\t\t\t\t<\/div>\n\t\t<\/section>\n\t\t\t\t<section class=\"elementor-section elementor-top-section elementor-element elementor-element-b2655a4 elementor-section-boxed elementor-section-height-default elementor-section-height-default\" data-id=\"b2655a4\" data-element_type=\"section\">\n\t\t\t\t\t\t<div class=\"elementor-container elementor-column-gap-default\">\n\t\t\t\t\t<div class=\"elementor-column elementor-col-100 elementor-top-column elementor-element elementor-element-da90f0a\" data-id=\"da90f0a\" data-element_type=\"column\">\n\t\t\t<div class=\"elementor-widget-wrap elementor-element-populated\">\n\t\t\t\t\t\t<div class=\"elementor-element elementor-element-71698a3 elementor-widget elementor-widget-heading\" data-id=\"71698a3\" data-element_type=\"widget\" data-widget_type=\"heading.default\">\n\t\t\t\t\t<h2 class=\"elementor-heading-title elementor-size-default\">Perca cal\u00f3rica e Defini\u00e7\u00e3o<\/h2>\t\t\t\t<\/div>\n\t\t\t\t<div class=\"elementor-element elementor-element-6efb978 elementor-widget elementor-widget-text-editor\" data-id=\"6efb978\" data-element_type=\"widget\" data-widget_type=\"text-editor.default\">\n\t\t\t\t\t\t\t\t\tOs exerc\u00edcios de aquecimento s\u00e3o em maior parte aer\u00f3bicos e funcionais (usando o peso do seu pr\u00f3prio corpo) e os de combates exigem, al\u00e9m de habilidade, for\u00e7a dos praticantes em sua maior parte no ch\u00e3o. As partes mais utilizadas s\u00e3o os bra\u00e7os, quadril, abd\u00f4men e pernas. Em cada aula \u00e9 poss\u00edvel perder a partir de 550 calorias. Praticando essa atividade os sistemas cardiovascular e respirat\u00f3rio melhoram consideravelmente, acelerando o metabolismo. Ou seja, uma atividade f\u00edsica que te auxilia no combate \u00e0s gorduras e proporcionando uma defini\u00e7\u00e3o corporal.\t\t\t\t\t\t\t\t<\/div>\n\t\t\t\t\t<\/div>\n\t\t<\/div>\n\t\t\t\t\t<\/div>\n\t\t<\/section>\n\t\t\t\t<section class=\"elementor-section elementor-top-section elementor-element elementor-element-9359969 elementor-section-boxed elementor-section-height-default elementor-section-height-default\" data-id=\"9359969\" data-element_type=\"section\">\n\t\t\t\t\t\t<div class=\"elementor-container elementor-column-gap-default\">\n\t\t\t\t\t<div class=\"elementor-column elementor-col-100 elementor-top-column elementor-element elementor-element-9e09b83\" data-id=\"9e09b83\" data-element_type=\"column\">\n\t\t\t<div class=\"elementor-widget-wrap elementor-element-populated\">\n\t\t\t\t\t\t<div class=\"elementor-element elementor-element-bc246d6 elementor-widget elementor-widget-heading\" data-id=\"bc246d6\" data-element_type=\"widget\" data-widget_type=\"heading.default\">\n\t\t\t\t\t<h2 class=\"elementor-heading-title elementor-size-default\">Ansiedade<\/h2>\t\t\t\t<\/div>\n\t\t\t\t<div class=\"elementor-element elementor-element-4bd094d elementor-widget elementor-widget-text-editor\" data-id=\"4bd094d\" data-element_type=\"widget\" data-widget_type=\"text-editor.default\">\n\t\t\t\t\t\t\t\t\tA modalidade combate diretamente o estresse, reduzindo e controlando o mal, eliminando as energias acumuladas. O esporte serve como terapia, distraindo e fazendo esquecer os problemas cotidianos. Para a pr\u00e1tica, voc\u00ea precisa de um n\u00edvel maior de concentra\u00e7\u00e3o, o que favorece a deixar as preocupa\u00e7\u00f5es de canto.\t\t\t\t\t\t\t\t<\/div>\n\t\t\t\t\t<\/div>\n\t\t<\/div>\n\t\t\t\t\t<\/div>\n\t\t<\/section>\n\t\t\t\t<section class=\"elementor-section elementor-top-section elementor-element elementor-element-54d343e elementor-section-boxed elementor-section-height-default elementor-section-height-default\" data-id=\"54d343e\" data-element_type=\"section\">\n\t\t\t\t\t\t<div class=\"elementor-container elementor-column-gap-default\">\n\t\t\t\t\t<div class=\"elementor-column elementor-col-100 elementor-top-column elementor-element elementor-element-14b60e3\" data-id=\"14b60e3\" data-element_type=\"column\">\n\t\t\t<div class=\"elementor-widget-wrap elementor-element-populated\">\n\t\t\t\t\t\t<div class=\"elementor-element elementor-element-518bfc2 elementor-widget elementor-widget-heading\" data-id=\"518bfc2\" data-element_type=\"widget\" data-widget_type=\"heading.default\">\n\t\t\t\t\t<h2 class=\"elementor-heading-title elementor-size-default\">Auto Defesa<\/h2>\t\t\t\t<\/div>\n\t\t\t\t<div class=\"elementor-element elementor-element-c8472f1 elementor-widget elementor-widget-text-editor\" data-id=\"c8472f1\" data-element_type=\"widget\" data-widget_type=\"text-editor.default\">\n\t\t\t\t\t\t\t\t\tEle \u00e9 uma boa alternativa para aprender t\u00e9cnicas de defesa pessoal. O conhecimento da t\u00e9cnica capacita voc\u00ea evitar situa\u00e7\u00f5es de perigo sem precisar recorrer a viol\u00eancia f\u00edsica.\t\t\t\t\t\t\t\t<\/div>\n\t\t\t\t\t<\/div>\n\t\t<\/div>\n\t\t\t\t\t<\/div>\n\t\t<\/section>\n\t\t\t\t<section class=\"elementor-section elementor-top-section elementor-element elementor-element-30bad38 elementor-section-boxed elementor-section-height-default elementor-section-height-default\" data-id=\"30bad38\" data-element_type=\"section\">\n\t\t\t\t\t\t<div class=\"elementor-container elementor-column-gap-default\">\n\t\t\t\t\t<div class=\"elementor-column elementor-col-100 elementor-top-column elementor-element elementor-element-a8e18d4\" data-id=\"a8e18d4\" data-element_type=\"column\">\n\t\t\t<div class=\"elementor-widget-wrap elementor-element-populated\">\n\t\t\t\t\t\t<div class=\"elementor-element elementor-element-a563be7 elementor-widget elementor-widget-heading\" data-id=\"a563be7\" data-element_type=\"widget\" data-widget_type=\"heading.default\">\n\t\t\t\t\t<h2 class=\"elementor-heading-title elementor-size-default\">Para todos os Biotipos <\/h2>\t\t\t\t<\/div>\n\t\t\t\t<div class=\"elementor-element elementor-element-f922b3e elementor-widget elementor-widget-text-editor\" data-id=\"f922b3e\" data-element_type=\"widget\" data-widget_type=\"text-editor.default\">\n\t\t\t\t\t\t\t\t\t<p>Como falei, qualquer pessoa com qualquer bi\u00f3tipo pode praticar a modalidade. O Jiu-Jitsu tem a capacidade de se adaptar a qualquer um. Mas como toda a atividade f\u00edsica, o praticante primeiro precisa solicitar a libera\u00e7\u00e3o m\u00e9dica. Caso possua alguma limita\u00e7\u00e3o, o professor auxiliar\u00e1 o aluno como deve conduzir.<\/p>\t\t\t\t\t\t\t\t<\/div>\n\t\t\t\t\t<\/div>\n\t\t<\/div>\n\t\t\t\t\t<\/div>\n\t\t<\/section>\n\t\t\t\t<section class=\"elementor-section elementor-top-section elementor-element elementor-element-1931e43 elementor-section-boxed elementor-section-height-default elementor-section-height-default\" data-id=\"1931e43\" data-element_type=\"section\">\n\t\t\t\t\t\t<div class=\"elementor-container elementor-column-gap-default\">\n\t\t\t\t\t<div class=\"elementor-column elementor-col-100 elementor-top-column elementor-element elementor-element-b7be896\" data-id=\"b7be896\" data-element_type=\"column\">\n\t\t\t<div class=\"elementor-widget-wrap elementor-element-populated\">\n\t\t\t\t\t\t<div class=\"elementor-element elementor-element-0d48654 elementor-widget elementor-widget-heading\" data-id=\"0d48654\" data-element_type=\"widget\" data-widget_type=\"heading.default\">\n\t\t\t\t\t<h2 class=\"elementor-heading-title elementor-size-default\">Aumenta a Auto Estima<\/h2>\t\t\t\t<\/div>\n\t\t\t\t<div class=\"elementor-element elementor-element-86a9467 elementor-widget elementor-widget-text-editor\" data-id=\"86a9467\" data-element_type=\"widget\" data-widget_type=\"text-editor.default\">\n\t\t\t\t\t\t\t\t\tDepois que o aluno come\u00e7a a praticar o Jiu-Jitsu, e percebe que com a t\u00e9cnica correta ele consegue vencer duelos com lutadores maiores que ele, a autoestima cresce muito, e se transforma em motiva\u00e7\u00e3o para continuar treinando e evoluindo. Al\u00e9m do crescimento no esporte, isso ajuda tamb\u00e9m na vida do aluno, que passa a acreditar mais na sua capacidade de encarar os problemas e dificuldades do dia-a-dia.\t\t\t\t\t\t\t\t<\/div>\n\t\t\t\t\t<\/div>\n\t\t<\/div>\n\t\t\t\t\t<\/div>\n\t\t<\/section>\n\t\t\t\t<section class=\"elementor-section elementor-top-section elementor-element elementor-element-6736db9 elementor-section-boxed elementor-section-height-default elementor-section-height-default\" data-id=\"6736db9\" data-element_type=\"section\">\n\t\t\t\t\t\t<div class=\"elementor-container elementor-column-gap-default\">\n\t\t\t\t\t<div class=\"elementor-column elementor-col-100 elementor-top-column elementor-element elementor-element-d64ddaf\" data-id=\"d64ddaf\" data-element_type=\"column\">\n\t\t\t<div class=\"elementor-widget-wrap elementor-element-populated\">\n\t\t\t\t\t\t<div class=\"elementor-element elementor-element-35e9b90 elementor-widget elementor-widget-heading\" data-id=\"35e9b90\" data-element_type=\"widget\" data-widget_type=\"heading.default\">\n\t\t\t\t\t<h2 class=\"elementor-heading-title elementor-size-default\">Estilo de Vida<\/h2>\t\t\t\t<\/div>\n\t\t\t\t<div class=\"elementor-element elementor-element-4fa44f5 elementor-widget elementor-widget-text-editor\" data-id=\"4fa44f5\" data-element_type=\"widget\" data-widget_type=\"text-editor.default\">\n\t\t\t\t\t\t\t\t\t<p>Quem pratica o Jiu-Jitsu passa a fazer parte de um grupo de pessoas que visa a qualidade de vida. Os praticantes do Jiu se dedicam a ter uma alimenta\u00e7\u00e3o saud\u00e1vel, praticam outros exerc\u00edcios, evitam excessos, valorizam momentos em fam\u00edlia e preferem sempre consumir produtos naturais, dispensando os industrializados. Jiu-Jitsu \u00e9 mais que um esporte, \u00e9 realmente um estilo de vida, moldado em disciplina e costumes saud\u00e1veis.<\/p>\t\t\t\t\t\t\t\t<\/div>\n\t\t\t\t\t<\/div>\n\t\t<\/div>\n\t\t\t\t\t<\/div>\n\t\t<\/section>\n\t\t\t\t<section class=\"elementor-section elementor-top-section elementor-element elementor-element-7e6e23a elementor-section-boxed elementor-section-height-default elementor-section-height-default\" data-id=\"7e6e23a\" data-element_type=\"section\">\n\t\t\t\t\t\t<div class=\"elementor-container elementor-column-gap-default\">\n\t\t\t\t\t<div class=\"elementor-column elementor-col-100 elementor-top-column elementor-element elementor-element-31d3b62\" data-id=\"31d3b62\" data-element_type=\"column\">\n\t\t\t<div class=\"elementor-widget-wrap elementor-element-populated\">\n\t\t\t\t\t\t<div class=\"elementor-element elementor-element-3190cf1 elementor-widget elementor-widget-spacer\" data-id=\"3190cf1\" data-element_type=\"widget\" data-widget_type=\"spacer.default\">\n\t\t\t\t\t\t\t<div class=\"elementor-spacer\">\n\t\t\t<div class=\"elementor-spacer-inner\"><\/div>\n\t\t<\/div>\n\t\t\t\t\t\t<\/div>\n\t\t\t\t\t<\/div>\n\t\t<\/div>\n\t\t\t\t\t<\/div>\n\t\t<\/section>\n\t\t\t\t<\/div>\n\t\t","protected":false},"excerpt":{"rendered":"<p>CONFIRA ALGUNS DOS BENEF\u00cdCIOS DO JIU JITSU Diciplina O esporte favorece a conduta disciplinar do praticante, de respeito as regras e ao mestre. A hierarquia r\u00edgida de gradua\u00e7\u00e3o tamb\u00e9m contribui para que o respeito adquirido na arte marcial ultrapasse o tatame. Inclusive, o jiu jitsu \u00e9 indicado para crian\u00e7as e adolescente, para controlar a hiperatividade, [&hellip;]<\/p>\n","protected":false},"author":1,"featured_media":0,"parent":0,"menu_order":0,"comment_status":"closed","ping_status":"closed","template":"elementor_header_footer","meta":{"ocean_post_layout":"","ocean_both_sidebars_style":"","ocean_both_sidebars_content_width":0,"ocean_both_sidebars_sidebars_width":0,"ocean_sidebar":"0","ocean_second_sidebar":"0","ocean_disable_margins":"enable","ocean_add_body_class":"","ocean_shortcode_before_top_bar":"","ocean_shortcode_after_top_bar":"","ocean_shortcode_before_header":"","ocean_shortcode_after_header":"","ocean_has_shortcode":"","ocean_shortcode_after_title":"","ocean_shortcode_before_footer_widgets":"","ocean_shortcode_after_footer_widgets":"","ocean_shortcode_before_footer_bottom":"","ocean_shortcode_after_footer_bottom":"","ocean_display_top_bar":"default","ocean_display_header":"default","ocean_header_style":"","ocean_center_header_left_menu":"0","ocean_custom_header_template":"0","ocean_custom_logo":0,"ocean_custom_retina_logo":0,"ocean_custom_logo_max_width":0,"ocean_custom_logo_tablet_max_width":0,"ocean_custom_logo_mobile_max_width":0,"ocean_custom_logo_max_height":0,"ocean_custom_logo_tablet_max_height":0,"ocean_custom_logo_mobile_max_height":0,"ocean_header_custom_menu":"0","ocean_menu_typo_font_family":"0","ocean_menu_typo_font_subset":"","ocean_menu_typo_font_size":0,"ocean_menu_typo_font_size_tablet":0,"ocean_menu_typo_font_size_mobile":0,"ocean_menu_typo_font_size_unit":"px","ocean_menu_typo_font_weight":"","ocean_menu_typo_font_weight_tablet":"","ocean_menu_typo_font_weight_mobile":"","ocean_menu_typo_transform":"","ocean_menu_typo_transform_tablet":"","ocean_menu_typo_transform_mobile":"","ocean_menu_typo_line_height":0,"ocean_menu_typo_line_height_tablet":0,"ocean_menu_typo_line_height_mobile":0,"ocean_menu_typo_line_height_unit":"","ocean_menu_typo_spacing":0,"ocean_menu_typo_spacing_tablet":0,"ocean_menu_typo_spacing_mobile":0,"ocean_menu_typo_spacing_unit":"","ocean_menu_link_color":"","ocean_menu_link_color_hover":"","ocean_menu_link_color_active":"","ocean_menu_link_background":"","ocean_menu_link_hover_background":"","ocean_menu_link_active_background":"","ocean_menu_social_links_bg":"","ocean_menu_social_hover_links_bg":"","ocean_menu_social_links_color":"","ocean_menu_social_hover_links_color":"","ocean_disable_title":"enable","ocean_disable_heading":"on","ocean_post_title":"","ocean_post_subheading":"","ocean_post_title_style":"","ocean_post_title_background_color":"","ocean_post_title_background":0,"ocean_post_title_bg_image_position":"","ocean_post_title_bg_image_attachment":"","ocean_post_title_bg_image_repeat":"","ocean_post_title_bg_image_size":"","ocean_post_title_height":0,"ocean_post_title_bg_overlay":0.5,"ocean_post_title_bg_overlay_color":"","ocean_disable_breadcrumbs":"default","ocean_breadcrumbs_color":"","ocean_breadcrumbs_separator_color":"","ocean_breadcrumbs_links_color":"","ocean_breadcrumbs_links_hover_color":"","ocean_display_footer_widgets":"default","ocean_display_footer_bottom":"default","ocean_custom_footer_template":"0","footnotes":""},"class_list":["post-266","page","type-page","status-publish","hentry","entry"],"_links":{"self":[{"href":"http:\/\/zenithgaropaba.com.br\/site\/index.php\/wp-json\/wp\/v2\/pages\/266","targetHints":{"allow":["GET"]}}],"collection":[{"href":"http:\/\/zenithgaropaba.com.br\/site\/index.php\/wp-json\/wp\/v2\/pages"}],"about":[{"href":"http:\/\/zenithgaropaba.com.br\/site\/index.php\/wp-json\/wp\/v2\/types\/page"}],"author":[{"embeddable":true,"href":"http:\/\/zenithgaropaba.com.br\/site\/index.php\/wp-json\/wp\/v2\/users\/1"}],"replies":[{"embeddable":true,"href":"http:\/\/zenithgaropaba.com.br\/site\/index.php\/wp-json\/wp\/v2\/comments?post=266"}],"version-history":[{"count":0,"href":"http:\/\/zenithgaropaba.com.br\/site\/index.php\/wp-json\/wp\/v2\/pages\/266\/revisions"}],"wp:attachment":[{"href":"http:\/\/zenithgaropaba.com.br\/site\/index.php\/wp-json\/wp\/v2\/media?parent=266"}],"curies":[{"name":"wp","href":"https:\/\/api.w.org\/{rel}","templated":true}]}}