{"id":740,"date":"2019-09-17T13:24:41","date_gmt":"2019-09-17T13:24:41","guid":{"rendered":"https:\/\/3tapsacademy.com\/?page_id=740"},"modified":"2019-09-17T13:24:41","modified_gmt":"2019-09-17T13:24:41","slug":"sobre-nos-13-4","status":"publish","type":"page","link":"http:\/\/zenithgaropaba.com.br\/site\/index.php\/sobre-nos-13-4\/","title":{"rendered":"Avan\u00e7ado acima de 10 anos"},"content":{"rendered":"\t\t<div data-elementor-type=\"wp-page\" data-elementor-id=\"740\" class=\"elementor elementor-740\">\n\t\t\t\t\t\t<section class=\"elementor-section elementor-top-section elementor-element elementor-element-0e81781 elementor-section-boxed elementor-section-height-default elementor-section-height-default\" data-id=\"0e81781\" data-element_type=\"section\">\n\t\t\t\t\t\t<div class=\"elementor-container elementor-column-gap-default\">\n\t\t\t\t\t<div class=\"elementor-column elementor-col-100 elementor-top-column elementor-element elementor-element-1111f1f\" data-id=\"1111f1f\" data-element_type=\"column\">\n\t\t\t<div class=\"elementor-widget-wrap elementor-element-populated\">\n\t\t\t\t\t\t<div class=\"elementor-element elementor-element-d9636d8 elementor-widget elementor-widget-spacer\" data-id=\"d9636d8\" data-element_type=\"widget\" data-widget_type=\"spacer.default\">\n\t\t\t\t\t\t\t<div class=\"elementor-spacer\">\n\t\t\t<div class=\"elementor-spacer-inner\"><\/div>\n\t\t<\/div>\n\t\t\t\t\t\t<\/div>\n\t\t\t\t\t<\/div>\n\t\t<\/div>\n\t\t\t\t\t<\/div>\n\t\t<\/section>\n\t\t\t\t<section class=\"elementor-section elementor-top-section elementor-element elementor-element-38cfc70 elementor-section-boxed elementor-section-height-default elementor-section-height-default\" data-id=\"38cfc70\" data-element_type=\"section\">\n\t\t\t\t\t\t<div class=\"elementor-container elementor-column-gap-default\">\n\t\t\t\t\t<div class=\"elementor-column elementor-col-100 elementor-top-column elementor-element elementor-element-0b38aaa\" data-id=\"0b38aaa\" data-element_type=\"column\">\n\t\t\t<div class=\"elementor-widget-wrap elementor-element-populated\">\n\t\t\t\t\t\t<div class=\"elementor-element elementor-element-e1f62fa elementor-widget elementor-widget-heading\" data-id=\"e1f62fa\" data-element_type=\"widget\" data-widget_type=\"heading.default\">\n\t\t\t\t\t<h1 class=\"elementor-heading-title elementor-size-xxl\">SOBRE AS AULAS KIDS<\/h1>\t\t\t\t<\/div>\n\t\t\t\t<div class=\"elementor-element elementor-element-8151bcd elementor-widget elementor-widget-text-editor\" data-id=\"8151bcd\" data-element_type=\"widget\" data-widget_type=\"text-editor.default\">\n\t\t\t\t\t\t\t\t\t<p>As aulas de Jiu Jitsu infantil t\u00eam como objetivo trabalhar a concentra\u00e7\u00e3o, promover a auto-estima, disciplina e a sa\u00fade.<br \/>A pratica do Jiu Jitsu vai al\u00e9m dos tatames, a disciplina trabalhada nas aulas de Jiu Jitsu refletem no comportamento das crian\u00e7as em casa e na escola.<br \/>Muito mais do que golpes e posi\u00e7\u00f5es, a cada aula a crian\u00e7a aprende a trabalhar a uni\u00e3o e o esp\u00edrito de equipe com seus companheiros de tatame.<br \/>Fortalece a amizade, car\u00e1ter e muitos princ\u00edpios morais.<br \/>Assim preparando as crian\u00e7as para um futuro melhor e mais seguro programa infantil \u00e9 estruturado para ensinar as t\u00e9cnicas de Jiu Jitsu atrav\u00e9s de Jogos funcionais, buscando melhorar a agilidade, coordena\u00e7\u00e3o e flexibilidade do seu filho, de uma forma divertida, amig\u00e1vel e interativa.<\/p>\t\t\t\t\t\t\t\t<\/div>\n\t\t\t\t\t<\/div>\n\t\t<\/div>\n\t\t\t\t\t<\/div>\n\t\t<\/section>\n\t\t\t\t<section class=\"elementor-section elementor-top-section elementor-element elementor-element-3a333ce elementor-section-boxed elementor-section-height-default elementor-section-height-default\" data-id=\"3a333ce\" data-element_type=\"section\">\n\t\t\t\t\t\t<div class=\"elementor-container elementor-column-gap-default\">\n\t\t\t\t\t<div class=\"elementor-column elementor-col-50 elementor-top-column elementor-element elementor-element-4311e29\" data-id=\"4311e29\" data-element_type=\"column\">\n\t\t\t<div class=\"elementor-widget-wrap elementor-element-populated\">\n\t\t\t\t\t\t<div class=\"elementor-element elementor-element-d47c66f elementor-widget elementor-widget-heading\" data-id=\"d47c66f\" data-element_type=\"widget\" data-widget_type=\"heading.default\">\n\t\t\t\t\t<h2 class=\"elementor-heading-title elementor-size-default\">Programa Avan\u00e7ado acima de 10 anos<\/h2>\t\t\t\t<\/div>\n\t\t\t\t<div class=\"elementor-element elementor-element-1304699 elementor-widget elementor-widget-text-editor\" data-id=\"1304699\" data-element_type=\"widget\" data-widget_type=\"text-editor.default\">\n\t\t\t\t\t\t\t\t\t<p>Este programa foi desenvolvido para criar uma base s\u00f3lida na pr\u00e1tica do aluno e melhorar sua coordena\u00e7\u00e3o, movimento e agilidade.\u00a0<br \/>Os alunos tamb\u00e9m receber\u00e3o uma vis\u00e3o abrangente de todas as posi\u00e7\u00f5es e t\u00e9cnicas no curr\u00edculo b\u00e1sico e para iniciantes, bem como uma introdu\u00e7\u00e3o ao curr\u00edculo mais avan\u00e7ado de Jiu Jitsu.\u00a0<br \/>Os alunos tamb\u00e9m receber\u00e3o explica\u00e7\u00f5es mais detalhadas dos conceitos e id\u00e9ias centrais do Jiu Jitsu.<\/p>\t\t\t\t\t\t\t\t<\/div>\n\t\t\t\t<div class=\"elementor-element elementor-element-5193837 elementor-widget elementor-widget-heading\" data-id=\"5193837\" data-element_type=\"widget\" data-widget_type=\"heading.default\">\n\t\t\t\t\t<h2 class=\"elementor-heading-title elementor-size-default\">Objetivos do programa:<\/h2>\t\t\t\t<\/div>\n\t\t\t\t<div class=\"elementor-element elementor-element-a78c79c elementor-widget elementor-widget-text-editor\" data-id=\"a78c79c\" data-element_type=\"widget\" data-widget_type=\"text-editor.default\">\n\t\t\t\t\t\t\t\t\t\n \t<li>Melhorarar o movimento e a coordena\u00e7\u00e3o<\/li>\n \t<li>Aprender autodisciplina e construir autoconfian\u00e7a<\/li>\n \t<li>Desenvolver o respeito por instrutores e colegas\t\t\t\t\t\t\t\t<\/div>\n\t\t\t\t<div class=\"elementor-element elementor-element-ca48827 elementor-widget elementor-widget-heading\" data-id=\"ca48827\" data-element_type=\"widget\" data-widget_type=\"heading.default\">\n\t\t\t\t\t<h2 class=\"elementor-heading-title elementor-size-default\">O curr\u00edculo inclui: <\/h2>\t\t\t\t<\/div>\n\t\t\t\t<div class=\"elementor-element elementor-element-7c4cf42 elementor-widget elementor-widget-text-editor\" data-id=\"7c4cf42\" data-element_type=\"widget\" data-widget_type=\"text-editor.default\">\n\t\t\t\t\t\t\t\t\t<ul><li>Vis\u00e3o geral de todas as posi\u00e7\u00f5es e situa\u00e7\u00f5es<\/li><li>Instru\u00e7\u00e3o abrangente para iniciantes e t\u00e9cnicas fundamentais<\/li><li>Introdu\u00e7\u00e3o \u00e0s t\u00e9cnicas avan\u00e7adas de Jiu Jitsu<\/li><li>Explica\u00e7\u00e3o detalhada dos principais conceitos e id\u00e9ias<\/li><li>Conceitos iniciantes e avan\u00e7ados sem kimono<\/li><\/ul>\t\t\t\t\t\t\t\t<\/div>\n\t\t\t\t\t<\/div>\n\t\t<\/div>\n\t\t\t\t<div class=\"elementor-column elementor-col-50 elementor-top-column elementor-element elementor-element-2ae977b\" data-id=\"2ae977b\" data-element_type=\"column\">\n\t\t\t<div class=\"elementor-widget-wrap elementor-element-populated\">\n\t\t\t\t\t\t<div class=\"elementor-element elementor-element-27f70df elementor-widget elementor-widget-spacer\" data-id=\"27f70df\" data-element_type=\"widget\" data-widget_type=\"spacer.default\">\n\t\t\t\t\t\t\t<div class=\"elementor-spacer\">\n\t\t\t<div class=\"elementor-spacer-inner\"><\/div>\n\t\t<\/div>\n\t\t\t\t\t\t<\/div>\n\t\t\t\t<div class=\"elementor-element elementor-element-854c2c3 elementor-widget elementor-widget-image\" data-id=\"854c2c3\" data-element_type=\"widget\" data-widget_type=\"image.default\">\n\t\t\t\t\t\t\t\t\t\t\t\t\t\t\t<img decoding=\"async\" src=\"https:\/\/3tapsacademy.com\/wp-content\/uploads\/2022\/08\/RMP4342-scaled.jpg\" title=\"\" alt=\"Jiu Jitsu Juvenil\" loading=\"lazy\" \/>\t\t\t\t\t\t\t\t\t\t\t\t\t\t\t<\/div>\n\t\t\t\t\t<\/div>\n\t\t<\/div>\n\t\t\t\t\t<\/div>\n\t\t<\/section>\n\t\t\t\t<section class=\"elementor-section elementor-top-section elementor-element elementor-element-0059da1 elementor-section-boxed elementor-section-height-default elementor-section-height-default\" data-id=\"0059da1\" data-element_type=\"section\">\n\t\t\t\t\t\t<div class=\"elementor-container elementor-column-gap-default\">\n\t\t\t\t\t<div class=\"elementor-column elementor-col-100 elementor-top-column elementor-element elementor-element-89492e4\" data-id=\"89492e4\" data-element_type=\"column\">\n\t\t\t<div class=\"elementor-widget-wrap elementor-element-populated\">\n\t\t\t\t\t\t<div class=\"elementor-element elementor-element-611912f elementor-widget elementor-widget-heading\" data-id=\"611912f\" data-element_type=\"widget\" data-widget_type=\"heading.default\">\n\t\t\t\t\t<h2 class=\"elementor-heading-title elementor-size-large\">Hor\u00e1rios das aulas Kids<\/h2>\t\t\t\t<\/div>\n\t\t\t\t<div class=\"elementor-element elementor-element-0816aa1 elementor-widget elementor-widget-text-editor\" data-id=\"0816aa1\" data-element_type=\"widget\" data-widget_type=\"text-editor.default\">\n\t\t\t\t\t\t\t\t\t<p style=\"font-variant-ligatures: normal; font-variant-caps: normal; font-family: Dosis; font-size: 15px; font-style: normal; font-weight: 400;\">4-6 Anos: Seg \u2013 Qua as 18:30\u00a0<\/p><p style=\"font-variant-ligatures: normal; font-variant-caps: normal; font-family: Dosis; font-size: 15px; font-style: normal; font-weight: 400;\"><span style=\"font-variant-ligatures: normal; font-variant-caps: normal; font-family: Dosis; font-size: 15px; font-style: normal; font-weight: 400;\">4-6 Anos: Ter \u2013 Qui as 10:00<\/span><\/p><p style=\"font-variant-ligatures: normal; font-variant-caps: normal; font-family: Dosis; font-size: 15px; font-style: normal; font-weight: 400;\"><span style=\"font-variant-ligatures: normal; font-variant-caps: normal; font-family: Dosis; font-size: 15px; font-style: normal; font-weight: 400;\">4-6 Anos: Seg \u2013 Qua as 16:00<\/span><span style=\"font-variant-ligatures: normal; font-variant-caps: normal; font-family: Dosis; font-size: 15px; font-style: normal; font-weight: 400;\"><br \/><\/span><\/p><p style=\"font-variant-ligatures: normal; font-variant-caps: normal; font-family: Dosis; font-size: 15px; font-style: normal; font-weight: 400;\">7-15 Anos: Ter \u2013 Qui\u00a0 as 18:30<\/p><p style=\"font-variant-ligatures: normal; font-variant-caps: normal; font-family: Dosis; font-size: 15px; font-style: normal; font-weight: 400;\">Avan\u00e7ado Acima de 10 Anos: Sexta as 18:30<\/p>\t\t\t\t\t\t\t\t<\/div>\n\t\t\t\t\t<\/div>\n\t\t<\/div>\n\t\t\t\t\t<\/div>\n\t\t<\/section>\n\t\t\t\t<section class=\"elementor-section elementor-top-section elementor-element elementor-element-1874c2f elementor-section-boxed elementor-section-height-default elementor-section-height-default\" data-id=\"1874c2f\" data-element_type=\"section\">\n\t\t\t\t\t\t<div class=\"elementor-container elementor-column-gap-default\">\n\t\t\t\t\t<div class=\"elementor-column elementor-col-100 elementor-top-column elementor-element elementor-element-b258613\" data-id=\"b258613\" data-element_type=\"column\">\n\t\t\t<div class=\"elementor-widget-wrap elementor-element-populated\">\n\t\t\t\t\t\t<div class=\"elementor-element elementor-element-99d7800 elementor-widget elementor-widget-spacer\" data-id=\"99d7800\" data-element_type=\"widget\" data-widget_type=\"spacer.default\">\n\t\t\t\t\t\t\t<div class=\"elementor-spacer\">\n\t\t\t<div class=\"elementor-spacer-inner\"><\/div>\n\t\t<\/div>\n\t\t\t\t\t\t<\/div>\n\t\t\t\t\t<\/div>\n\t\t<\/div>\n\t\t\t\t\t<\/div>\n\t\t<\/section>\n\t\t\t\t<\/div>\n\t\t","protected":false},"excerpt":{"rendered":"<p>SOBRE AS AULAS KIDS As aulas de Jiu Jitsu infantil t\u00eam como objetivo trabalhar a concentra\u00e7\u00e3o, promover a auto-estima, disciplina e a sa\u00fade.A pratica do Jiu Jitsu vai al\u00e9m dos tatames, a disciplina trabalhada nas aulas de Jiu Jitsu refletem no comportamento das crian\u00e7as em casa e na escola.Muito mais do que golpes e posi\u00e7\u00f5es, [&hellip;]<\/p>\n","protected":false},"author":1,"featured_media":0,"parent":0,"menu_order":0,"comment_status":"closed","ping_status":"closed","template":"elementor_header_footer","meta":{"ocean_post_layout":"","ocean_both_sidebars_style":"","ocean_both_sidebars_content_width":0,"ocean_both_sidebars_sidebars_width":0,"ocean_sidebar":"0","ocean_second_sidebar":"0","ocean_disable_margins":"enable","ocean_add_body_class":"","ocean_shortcode_before_top_bar":"","ocean_shortcode_after_top_bar":"","ocean_shortcode_before_header":"","ocean_shortcode_after_header":"","ocean_has_shortcode":"","ocean_shortcode_after_title":"","ocean_shortcode_before_footer_widgets":"","ocean_shortcode_after_footer_widgets":"","ocean_shortcode_before_footer_bottom":"","ocean_shortcode_after_footer_bottom":"","ocean_display_top_bar":"default","ocean_display_header":"default","ocean_header_style":"","ocean_center_header_left_menu":"0","ocean_custom_header_template":"0","ocean_custom_logo":0,"ocean_custom_retina_logo":0,"ocean_custom_logo_max_width":0,"ocean_custom_logo_tablet_max_width":0,"ocean_custom_logo_mobile_max_width":0,"ocean_custom_logo_max_height":0,"ocean_custom_logo_tablet_max_height":0,"ocean_custom_logo_mobile_max_height":0,"ocean_header_custom_menu":"0","ocean_menu_typo_font_family":"0","ocean_menu_typo_font_subset":"","ocean_menu_typo_font_size":0,"ocean_menu_typo_font_size_tablet":0,"ocean_menu_typo_font_size_mobile":0,"ocean_menu_typo_font_size_unit":"px","ocean_menu_typo_font_weight":"","ocean_menu_typo_font_weight_tablet":"","ocean_menu_typo_font_weight_mobile":"","ocean_menu_typo_transform":"","ocean_menu_typo_transform_tablet":"","ocean_menu_typo_transform_mobile":"","ocean_menu_typo_line_height":0,"ocean_menu_typo_line_height_tablet":0,"ocean_menu_typo_line_height_mobile":0,"ocean_menu_typo_line_height_unit":"","ocean_menu_typo_spacing":0,"ocean_menu_typo_spacing_tablet":0,"ocean_menu_typo_spacing_mobile":0,"ocean_menu_typo_spacing_unit":"","ocean_menu_link_color":"","ocean_menu_link_color_hover":"","ocean_menu_link_color_active":"","ocean_menu_link_background":"","ocean_menu_link_hover_background":"","ocean_menu_link_active_background":"","ocean_menu_social_links_bg":"","ocean_menu_social_hover_links_bg":"","ocean_menu_social_links_color":"","ocean_menu_social_hover_links_color":"","ocean_disable_title":"enable","ocean_disable_heading":"on","ocean_post_title":"","ocean_post_subheading":"","ocean_post_title_style":"","ocean_post_title_background_color":"","ocean_post_title_background":0,"ocean_post_title_bg_image_position":"","ocean_post_title_bg_image_attachment":"","ocean_post_title_bg_image_repeat":"","ocean_post_title_bg_image_size":"","ocean_post_title_height":0,"ocean_post_title_bg_overlay":0.5,"ocean_post_title_bg_overlay_color":"","ocean_disable_breadcrumbs":"default","ocean_breadcrumbs_color":"","ocean_breadcrumbs_separator_color":"","ocean_breadcrumbs_links_color":"","ocean_breadcrumbs_links_hover_color":"","ocean_display_footer_widgets":"default","ocean_display_footer_bottom":"default","ocean_custom_footer_template":"0","footnotes":""},"class_list":["post-740","page","type-page","status-publish","hentry","entry"],"_links":{"self":[{"href":"http:\/\/zenithgaropaba.com.br\/site\/index.php\/wp-json\/wp\/v2\/pages\/740","targetHints":{"allow":["GET"]}}],"collection":[{"href":"http:\/\/zenithgaropaba.com.br\/site\/index.php\/wp-json\/wp\/v2\/pages"}],"about":[{"href":"http:\/\/zenithgaropaba.com.br\/site\/index.php\/wp-json\/wp\/v2\/types\/page"}],"author":[{"embeddable":true,"href":"http:\/\/zenithgaropaba.com.br\/site\/index.php\/wp-json\/wp\/v2\/users\/1"}],"replies":[{"embeddable":true,"href":"http:\/\/zenithgaropaba.com.br\/site\/index.php\/wp-json\/wp\/v2\/comments?post=740"}],"version-history":[{"count":0,"href":"http:\/\/zenithgaropaba.com.br\/site\/index.php\/wp-json\/wp\/v2\/pages\/740\/revisions"}],"wp:attachment":[{"href":"http:\/\/zenithgaropaba.com.br\/site\/index.php\/wp-json\/wp\/v2\/media?parent=740"}],"curies":[{"name":"wp","href":"https:\/\/api.w.org\/{rel}","templated":true}]}}