{"id":741,"date":"2019-09-17T13:25:57","date_gmt":"2019-09-17T13:25:57","guid":{"rendered":"https:\/\/3tapsacademy.com\/?page_id=741"},"modified":"2019-09-17T13:25:57","modified_gmt":"2019-09-17T13:25:57","slug":"sobre-nos-13-5","status":"publish","type":"page","link":"http:\/\/zenithgaropaba.com.br\/site\/index.php\/sobre-nos-13-5\/","title":{"rendered":"Competi\u00e7\u00e3o Infantil"},"content":{"rendered":"\t\t<div data-elementor-type=\"wp-page\" data-elementor-id=\"741\" class=\"elementor elementor-741\">\n\t\t\t\t\t\t<section class=\"elementor-section elementor-top-section elementor-element elementor-element-0e81781 elementor-section-boxed elementor-section-height-default elementor-section-height-default\" data-id=\"0e81781\" data-element_type=\"section\">\n\t\t\t\t\t\t<div class=\"elementor-container elementor-column-gap-default\">\n\t\t\t\t\t<div class=\"elementor-column elementor-col-100 elementor-top-column elementor-element elementor-element-1111f1f\" data-id=\"1111f1f\" data-element_type=\"column\">\n\t\t\t<div class=\"elementor-widget-wrap elementor-element-populated\">\n\t\t\t\t\t\t<div class=\"elementor-element elementor-element-d9636d8 elementor-widget elementor-widget-spacer\" data-id=\"d9636d8\" data-element_type=\"widget\" data-widget_type=\"spacer.default\">\n\t\t\t\t\t\t\t<div class=\"elementor-spacer\">\n\t\t\t<div class=\"elementor-spacer-inner\"><\/div>\n\t\t<\/div>\n\t\t\t\t\t\t<\/div>\n\t\t\t\t\t<\/div>\n\t\t<\/div>\n\t\t\t\t\t<\/div>\n\t\t<\/section>\n\t\t\t\t<section class=\"elementor-section elementor-top-section elementor-element elementor-element-38cfc70 elementor-section-boxed elementor-section-height-default elementor-section-height-default\" data-id=\"38cfc70\" data-element_type=\"section\">\n\t\t\t\t\t\t<div class=\"elementor-container elementor-column-gap-default\">\n\t\t\t\t\t<div class=\"elementor-column elementor-col-100 elementor-top-column elementor-element elementor-element-0b38aaa\" data-id=\"0b38aaa\" data-element_type=\"column\">\n\t\t\t<div class=\"elementor-widget-wrap elementor-element-populated\">\n\t\t\t\t\t\t<div class=\"elementor-element elementor-element-e1f62fa elementor-widget elementor-widget-heading\" data-id=\"e1f62fa\" data-element_type=\"widget\" data-widget_type=\"heading.default\">\n\t\t\t\t\t<h1 class=\"elementor-heading-title elementor-size-xxl\">SOBRE AS AULAS KIDS <\/h1>\t\t\t\t<\/div>\n\t\t\t\t<div class=\"elementor-element elementor-element-8151bcd elementor-widget elementor-widget-text-editor\" data-id=\"8151bcd\" data-element_type=\"widget\" data-widget_type=\"text-editor.default\">\n\t\t\t\t\t\t\t\t\t<p>As aulas de Jiu Jitsu infantil t\u00eam como objetivo trabalhar a concentra\u00e7\u00e3o, promover a auto-estima, disciplina e a sa\u00fade.<br \/>A pratica do Jiu Jitsu vai al\u00e9m dos tatames, a disciplina trabalhada nas aulas de Jiu Jitsu refletem no comportamento das crian\u00e7as em casa e na escola.<br \/>Muito mais do que golpes e posi\u00e7\u00f5es, a cada aula a crian\u00e7a aprende a trabalhar a uni\u00e3o e o esp\u00edrito de equipe com seus companheiros de tatame.<br \/>Fortalece a amizade, car\u00e1ter e muitos princ\u00edpios morais.<br \/>Assim preparando as crian\u00e7as para um futuro melhor e mais seguro programa infantil \u00e9 estruturado para ensinar as t\u00e9cnicas de Jiu Jitsu atrav\u00e9s de Jogos funcionais, buscando melhorar a agilidade, coordena\u00e7\u00e3o e flexibilidade do seu filho, de uma forma divertida, amig\u00e1vel e interativa.<\/p>\t\t\t\t\t\t\t\t<\/div>\n\t\t\t\t\t<\/div>\n\t\t<\/div>\n\t\t\t\t\t<\/div>\n\t\t<\/section>\n\t\t\t\t<section class=\"elementor-section elementor-top-section elementor-element elementor-element-24b00c9 elementor-section-boxed elementor-section-height-default elementor-section-height-default\" data-id=\"24b00c9\" data-element_type=\"section\">\n\t\t\t\t\t\t<div class=\"elementor-container elementor-column-gap-default\">\n\t\t\t\t\t<div class=\"elementor-column elementor-col-50 elementor-top-column elementor-element elementor-element-9e77e3f\" data-id=\"9e77e3f\" data-element_type=\"column\">\n\t\t\t<div class=\"elementor-widget-wrap elementor-element-populated\">\n\t\t\t\t\t\t<div class=\"elementor-element elementor-element-100a8e4 elementor-widget elementor-widget-heading\" data-id=\"100a8e4\" data-element_type=\"widget\" data-widget_type=\"heading.default\">\n\t\t\t\t\t<h2 class=\"elementor-heading-title elementor-size-default\">Avan\u00e7ado Infantil<\/h2>\t\t\t\t<\/div>\n\t\t\t\t<div class=\"elementor-element elementor-element-7e42458 elementor-widget elementor-widget-text-editor\" data-id=\"7e42458\" data-element_type=\"widget\" data-widget_type=\"text-editor.default\">\n\t\t\t\t\t\t\t\t\t<p>Este curso \u00e9 para estudantes de 8 a 15 anos e \u00e9 focado principalmente na competi\u00e7\u00e3o.\u00a0<br \/>O curr\u00edculo do programa \u00e9 baseado em cen\u00e1rios de competi\u00e7\u00e3o e inclui t\u00e9cnicas e exerc\u00edcios mais avan\u00e7ados de Jiu Jitsu.\u00a0<br \/>Os alunos abordar\u00e3o posi\u00e7\u00f5es mais aprofundadas e trabalhar\u00e3o para a constru\u00e7\u00e3o de um jogo de Jiu Jitsu mais equilibrado e completo.\u00a0<br \/>Observa\u00e7\u00e3o: esta classe requer aprova\u00e7\u00e3o do instrutor.<\/p>\t\t\t\t\t\t\t\t<\/div>\n\t\t\t\t<div class=\"elementor-element elementor-element-80695f9 elementor-widget elementor-widget-heading\" data-id=\"80695f9\" data-element_type=\"widget\" data-widget_type=\"heading.default\">\n\t\t\t\t\t<h2 class=\"elementor-heading-title elementor-size-default\">Objetivos do programa:<\/h2>\t\t\t\t<\/div>\n\t\t\t\t<div class=\"elementor-element elementor-element-16904a5 elementor-widget elementor-widget-text-editor\" data-id=\"16904a5\" data-element_type=\"widget\" data-widget_type=\"text-editor.default\">\n\t\t\t\t\t\t\t\t\t<ul><li>Melhorar a compreens\u00e3o e a pr\u00e1tica do Jiu Jitsu<\/li><li>Aprender autodisciplina e construir autoconfian\u00e7a<\/li><li>Desenvolver o respeito por instrutores e colegas<\/li><li>Construir um jogo de Jiu Jitsu mais completo e equilibrado<\/li><\/ul>\t\t\t\t\t\t\t\t<\/div>\n\t\t\t\t<div class=\"elementor-element elementor-element-7e56d82 elementor-widget elementor-widget-heading\" data-id=\"7e56d82\" data-element_type=\"widget\" data-widget_type=\"heading.default\">\n\t\t\t\t\t<h2 class=\"elementor-heading-title elementor-size-default\">O curr\u00edculo inclui: <\/h2>\t\t\t\t<\/div>\n\t\t\t\t<div class=\"elementor-element elementor-element-56e1382 elementor-widget elementor-widget-text-editor\" data-id=\"56e1382\" data-element_type=\"widget\" data-widget_type=\"text-editor.default\">\n\t\t\t\t\t\t\t\t\t\n \t<li>T\u00e9cnicas fundamentais e avan\u00e7adas<\/li>\n \t<li>Competi\u00e7\u00e3o e treinamento situacional<\/li>\n \t<li>Explora\u00e7\u00e3o aprofundada de conceitos e id\u00e9ias\t\t\t\t\t\t\t\t<\/div>\n\t\t\t\t\t<\/div>\n\t\t<\/div>\n\t\t\t\t<div class=\"elementor-column elementor-col-50 elementor-top-column elementor-element elementor-element-74aa4f5\" data-id=\"74aa4f5\" data-element_type=\"column\">\n\t\t\t<div class=\"elementor-widget-wrap elementor-element-populated\">\n\t\t\t\t\t\t<div class=\"elementor-element elementor-element-44275df elementor-widget elementor-widget-image\" data-id=\"44275df\" data-element_type=\"widget\" data-widget_type=\"image.default\">\n\t\t\t\t\t\t\t\t\t\t\t\t\t\t\t<img decoding=\"async\" src=\"https:\/\/3tapsacademy.com\/wp-content\/uploads\/2022\/03\/WhatsApp-Image-2022-03-01-at-12.47.34.jpeg\" title=\"\" alt=\"Jiu Jitsu Infantil\" loading=\"lazy\" \/>\t\t\t\t\t\t\t\t\t\t\t\t\t\t\t<\/div>\n\t\t\t\t\t<\/div>\n\t\t<\/div>\n\t\t\t\t\t<\/div>\n\t\t<\/section>\n\t\t\t\t<section class=\"elementor-section elementor-top-section elementor-element elementor-element-d65d5f7 elementor-section-boxed elementor-section-height-default elementor-section-height-default\" data-id=\"d65d5f7\" data-element_type=\"section\">\n\t\t\t\t\t\t<div class=\"elementor-container elementor-column-gap-default\">\n\t\t\t\t\t<div class=\"elementor-column elementor-col-100 elementor-top-column elementor-element elementor-element-ea56bc4\" data-id=\"ea56bc4\" data-element_type=\"column\">\n\t\t\t<div class=\"elementor-widget-wrap elementor-element-populated\">\n\t\t\t\t\t\t<div class=\"elementor-element elementor-element-725ef09 elementor-widget elementor-widget-spacer\" data-id=\"725ef09\" data-element_type=\"widget\" data-widget_type=\"spacer.default\">\n\t\t\t\t\t\t\t<div class=\"elementor-spacer\">\n\t\t\t<div class=\"elementor-spacer-inner\"><\/div>\n\t\t<\/div>\n\t\t\t\t\t\t<\/div>\n\t\t\t\t\t<\/div>\n\t\t<\/div>\n\t\t\t\t\t<\/div>\n\t\t<\/section>\n\t\t\t\t<section class=\"elementor-section elementor-top-section elementor-element elementor-element-0059da1 elementor-section-boxed elementor-section-height-default elementor-section-height-default\" data-id=\"0059da1\" data-element_type=\"section\">\n\t\t\t\t\t\t<div class=\"elementor-container elementor-column-gap-default\">\n\t\t\t\t\t<div class=\"elementor-column elementor-col-100 elementor-top-column elementor-element elementor-element-89492e4\" data-id=\"89492e4\" data-element_type=\"column\">\n\t\t\t<div class=\"elementor-widget-wrap elementor-element-populated\">\n\t\t\t\t\t\t<div class=\"elementor-element elementor-element-611912f elementor-widget elementor-widget-heading\" data-id=\"611912f\" data-element_type=\"widget\" data-widget_type=\"heading.default\">\n\t\t\t\t\t<h2 class=\"elementor-heading-title elementor-size-large\">Hor\u00e1rios das aulas Kids<\/h2>\t\t\t\t<\/div>\n\t\t\t\t<div class=\"elementor-element elementor-element-0816aa1 elementor-widget elementor-widget-text-editor\" data-id=\"0816aa1\" data-element_type=\"widget\" data-widget_type=\"text-editor.default\">\n\t\t\t\t\t\t\t\t\t<p style=\"font-variant-ligatures: normal; font-variant-caps: normal; font-family: Dosis; font-size: 15px; font-style: normal; font-weight: 400;\">4-6 Anos: Seg \u2013 Qua as 18:30&nbsp;<\/p><p style=\"font-variant-ligatures: normal; font-variant-caps: normal; font-family: Dosis; font-size: 15px; font-style: normal; font-weight: 400;\"><span style=\"font-variant-ligatures: normal; font-variant-caps: normal; font-family: Dosis; font-size: 15px; font-style: normal; font-weight: 400;\">4-6 Anos: Ter \u2013 Qui as 10:00<\/span><\/p><p style=\"font-variant-ligatures: normal; font-variant-caps: normal; font-family: Dosis; font-size: 15px; font-style: normal; font-weight: 400;\"><span style=\"font-variant-ligatures: normal; font-variant-caps: normal; font-family: Dosis; font-size: 15px; font-style: normal; font-weight: 400;\">4-6 Anos: Seg \u2013 Qua as 16:00<\/span><span style=\"font-variant-ligatures: normal; font-variant-caps: normal; font-family: Dosis; font-size: 15px; font-style: normal; font-weight: 400;\"><br><\/span><\/p><p style=\"font-variant-ligatures: normal; font-variant-caps: normal; font-family: Dosis; font-size: 15px; font-style: normal; font-weight: 400;\">7-15 Anos: Ter \u2013 Qui&nbsp; as 18:30<\/p><p style=\"font-variant-ligatures: normal; font-variant-caps: normal; font-family: Dosis; font-size: 15px; font-style: normal; font-weight: 400;\">Avan\u00e7ado Acima de 10 Anos: Sexta as 18:30<\/p>\t\t\t\t\t\t\t\t<\/div>\n\t\t\t\t\t<\/div>\n\t\t<\/div>\n\t\t\t\t\t<\/div>\n\t\t<\/section>\n\t\t\t\t<section class=\"elementor-section elementor-top-section elementor-element elementor-element-1874c2f elementor-section-boxed elementor-section-height-default elementor-section-height-default\" data-id=\"1874c2f\" data-element_type=\"section\">\n\t\t\t\t\t\t<div class=\"elementor-container elementor-column-gap-default\">\n\t\t\t\t\t<div class=\"elementor-column elementor-col-100 elementor-top-column elementor-element elementor-element-b258613\" data-id=\"b258613\" data-element_type=\"column\">\n\t\t\t<div class=\"elementor-widget-wrap elementor-element-populated\">\n\t\t\t\t\t\t<div class=\"elementor-element elementor-element-99d7800 elementor-widget elementor-widget-spacer\" data-id=\"99d7800\" data-element_type=\"widget\" data-widget_type=\"spacer.default\">\n\t\t\t\t\t\t\t<div class=\"elementor-spacer\">\n\t\t\t<div class=\"elementor-spacer-inner\"><\/div>\n\t\t<\/div>\n\t\t\t\t\t\t<\/div>\n\t\t\t\t\t<\/div>\n\t\t<\/div>\n\t\t\t\t\t<\/div>\n\t\t<\/section>\n\t\t\t\t<\/div>\n\t\t","protected":false},"excerpt":{"rendered":"<p>SOBRE AS AULAS KIDS As aulas de Jiu Jitsu infantil t\u00eam como objetivo trabalhar a concentra\u00e7\u00e3o, promover a auto-estima, disciplina e a sa\u00fade.A pratica do Jiu Jitsu vai al\u00e9m dos tatames, a disciplina trabalhada nas aulas de Jiu Jitsu refletem no comportamento das crian\u00e7as em casa e na escola.Muito mais do que golpes e posi\u00e7\u00f5es, [&hellip;]<\/p>\n","protected":false},"author":1,"featured_media":0,"parent":0,"menu_order":0,"comment_status":"closed","ping_status":"closed","template":"elementor_header_footer","meta":{"ocean_post_layout":"","ocean_both_sidebars_style":"","ocean_both_sidebars_content_width":0,"ocean_both_sidebars_sidebars_width":0,"ocean_sidebar":"0","ocean_second_sidebar":"0","ocean_disable_margins":"enable","ocean_add_body_class":"","ocean_shortcode_before_top_bar":"","ocean_shortcode_after_top_bar":"","ocean_shortcode_before_header":"","ocean_shortcode_after_header":"","ocean_has_shortcode":"","ocean_shortcode_after_title":"","ocean_shortcode_before_footer_widgets":"","ocean_shortcode_after_footer_widgets":"","ocean_shortcode_before_footer_bottom":"","ocean_shortcode_after_footer_bottom":"","ocean_display_top_bar":"default","ocean_display_header":"default","ocean_header_style":"","ocean_center_header_left_menu":"0","ocean_custom_header_template":"0","ocean_custom_logo":0,"ocean_custom_retina_logo":0,"ocean_custom_logo_max_width":0,"ocean_custom_logo_tablet_max_width":0,"ocean_custom_logo_mobile_max_width":0,"ocean_custom_logo_max_height":0,"ocean_custom_logo_tablet_max_height":0,"ocean_custom_logo_mobile_max_height":0,"ocean_header_custom_menu":"0","ocean_menu_typo_font_family":"0","ocean_menu_typo_font_subset":"","ocean_menu_typo_font_size":0,"ocean_menu_typo_font_size_tablet":0,"ocean_menu_typo_font_size_mobile":0,"ocean_menu_typo_font_size_unit":"px","ocean_menu_typo_font_weight":"","ocean_menu_typo_font_weight_tablet":"","ocean_menu_typo_font_weight_mobile":"","ocean_menu_typo_transform":"","ocean_menu_typo_transform_tablet":"","ocean_menu_typo_transform_mobile":"","ocean_menu_typo_line_height":0,"ocean_menu_typo_line_height_tablet":0,"ocean_menu_typo_line_height_mobile":0,"ocean_menu_typo_line_height_unit":"","ocean_menu_typo_spacing":0,"ocean_menu_typo_spacing_tablet":0,"ocean_menu_typo_spacing_mobile":0,"ocean_menu_typo_spacing_unit":"","ocean_menu_link_color":"","ocean_menu_link_color_hover":"","ocean_menu_link_color_active":"","ocean_menu_link_background":"","ocean_menu_link_hover_background":"","ocean_menu_link_active_background":"","ocean_menu_social_links_bg":"","ocean_menu_social_hover_links_bg":"","ocean_menu_social_links_color":"","ocean_menu_social_hover_links_color":"","ocean_disable_title":"enable","ocean_disable_heading":"on","ocean_post_title":"","ocean_post_subheading":"","ocean_post_title_style":"","ocean_post_title_background_color":"","ocean_post_title_background":0,"ocean_post_title_bg_image_position":"","ocean_post_title_bg_image_attachment":"","ocean_post_title_bg_image_repeat":"","ocean_post_title_bg_image_size":"","ocean_post_title_height":0,"ocean_post_title_bg_overlay":0.5,"ocean_post_title_bg_overlay_color":"","ocean_disable_breadcrumbs":"default","ocean_breadcrumbs_color":"","ocean_breadcrumbs_separator_color":"","ocean_breadcrumbs_links_color":"","ocean_breadcrumbs_links_hover_color":"","ocean_display_footer_widgets":"default","ocean_display_footer_bottom":"default","ocean_custom_footer_template":"0","footnotes":""},"class_list":["post-741","page","type-page","status-publish","hentry","entry"],"_links":{"self":[{"href":"http:\/\/zenithgaropaba.com.br\/site\/index.php\/wp-json\/wp\/v2\/pages\/741","targetHints":{"allow":["GET"]}}],"collection":[{"href":"http:\/\/zenithgaropaba.com.br\/site\/index.php\/wp-json\/wp\/v2\/pages"}],"about":[{"href":"http:\/\/zenithgaropaba.com.br\/site\/index.php\/wp-json\/wp\/v2\/types\/page"}],"author":[{"embeddable":true,"href":"http:\/\/zenithgaropaba.com.br\/site\/index.php\/wp-json\/wp\/v2\/users\/1"}],"replies":[{"embeddable":true,"href":"http:\/\/zenithgaropaba.com.br\/site\/index.php\/wp-json\/wp\/v2\/comments?post=741"}],"version-history":[{"count":0,"href":"http:\/\/zenithgaropaba.com.br\/site\/index.php\/wp-json\/wp\/v2\/pages\/741\/revisions"}],"wp:attachment":[{"href":"http:\/\/zenithgaropaba.com.br\/site\/index.php\/wp-json\/wp\/v2\/media?parent=741"}],"curies":[{"name":"wp","href":"https:\/\/api.w.org\/{rel}","templated":true}]}}